{"id":8533,"date":"2019-06-20T16:49:22","date_gmt":"2019-06-20T14:49:22","guid":{"rendered":"https:\/\/maisonvanstijn.net\/met-de-hond-op-vakantie\/"},"modified":"2021-11-19T18:04:46","modified_gmt":"2021-11-19T17:04:46","slug":"en-vacances-avec-le-chien","status":"publish","type":"page","link":"https:\/\/maisonvanstijn.net\/fr\/en-vacances-avec-le-chien\/","title":{"rendered":"En vacances avec votre chien"},"content":{"rendered":"<section class=\"wpb-content-wrapper\">[vc_row full_width=\u00a0\u00bbstretch_row_content_no_spaces\u00a0\u00bb remove_bottom_col_margin=\u00a0\u00bbtrue\u00a0\u00bb][vc_column]<div class=\"vcex-module wpex-carousel wpex-carousel-images wpex-clr owl-carousel no-margins arrwstyle-min arrwpos-abs\" data-wpex-carousel=\"{&quot;nav&quot;:true,&quot;dots&quot;:false,&quot;autoplay&quot;:false,&quot;loop&quot;:true,&quot;center&quot;:false,&quot;smartSpeed&quot;:250,&quot;items&quot;:4,&quot;slideBy&quot;:1,&quot;autoplayTimeout&quot;:5000,&quot;margin&quot;:0,&quot;itemsTablet&quot;:3,&quot;itemsMobileLandscape&quot;:2,&quot;itemsMobilePortrait&quot;:1,&quot;autoWidth&quot;:false,&quot;autoHeight&quot;:false}\"><div class=\"wpex-carousel-slide\"><figure class=\"wpex-carousel-entry-media entry-media\"><img loading=\"lazy\" decoding=\"async\" data-no-lazy=\"1\" class=\"wpex-align-middle skip-lazy\" src=\"https:\/\/maisonvanstijn.net\/wp-content\/uploads\/2019\/06\/hond1.jpg\" alt=\"\" width=\"1000\" height=\"667\" \/><\/figure><\/div><div class=\"wpex-carousel-slide\"><figure class=\"wpex-carousel-entry-media entry-media\"><img loading=\"lazy\" decoding=\"async\" data-no-lazy=\"1\" class=\"wpex-align-middle skip-lazy\" src=\"https:\/\/maisonvanstijn.net\/wp-content\/uploads\/2020\/01\/Donna-1000x667.jpg\" alt=\"\" width=\"1000\" height=\"667\" \/><\/figure><\/div><div class=\"wpex-carousel-slide\"><figure class=\"wpex-carousel-entry-media entry-media\"><img loading=\"lazy\" decoding=\"async\" data-no-lazy=\"1\" class=\"wpex-align-middle skip-lazy\" src=\"https:\/\/maisonvanstijn.net\/wp-content\/uploads\/2020\/01\/Blitz-en-Pepper-aangepast-1000x667.jpg\" alt=\"\" width=\"1000\" height=\"667\" \/><\/figure><\/div><div class=\"wpex-carousel-slide\"><figure class=\"wpex-carousel-entry-media entry-media\"><img loading=\"lazy\" decoding=\"async\" data-no-lazy=\"1\" class=\"wpex-align-middle skip-lazy\" src=\"https:\/\/maisonvanstijn.net\/wp-content\/uploads\/2020\/01\/Floyd8-1000x667.jpg\" alt=\"\" width=\"1000\" height=\"667\" \/><\/figure><\/div><div class=\"wpex-carousel-slide\"><figure class=\"wpex-carousel-entry-media entry-media\"><img loading=\"lazy\" decoding=\"async\" data-no-lazy=\"1\" class=\"wpex-align-middle skip-lazy\" src=\"https:\/\/maisonvanstijn.net\/wp-content\/uploads\/2020\/01\/Dino-1000x667.jpg\" alt=\"\" width=\"1000\" height=\"667\" \/><\/figure><\/div><div class=\"wpex-carousel-slide\"><figure class=\"wpex-carousel-entry-media entry-media\"><img loading=\"lazy\" decoding=\"async\" data-no-lazy=\"1\" class=\"wpex-align-middle skip-lazy\" src=\"https:\/\/maisonvanstijn.net\/wp-content\/uploads\/2020\/01\/Floyd-1000x667.jpg\" alt=\"\" width=\"1000\" height=\"667\" \/><\/figure><\/div><div class=\"wpex-carousel-slide\"><figure class=\"wpex-carousel-entry-media entry-media\"><img loading=\"lazy\" decoding=\"async\" data-no-lazy=\"1\" class=\"wpex-align-middle skip-lazy\" src=\"https:\/\/maisonvanstijn.net\/wp-content\/uploads\/2020\/01\/Bono1-1000x667.jpg\" alt=\"\" width=\"1000\" height=\"667\" \/><\/figure><\/div><\/div>[\/vc_column][\/vc_row][vc_row full_width=\u00a0\u00bbstretch_row\u00a0\u00bb content_placement=\u00a0\u00bbmiddle\u00a0\u00bb equal_height=\u00a0\u00bbyes\u00a0\u00bb remove_bottom_col_margin=\u00a0\u00bbtrue\u00a0\u00bb bg_style=\u00a0\u00bbstretch\u00a0\u00bb video_bg_overlay=\u00a0\u00bbnone\u00a0\u00bb css=\u00a0\u00bb.vc_custom_1561627202811{padding-top: 20px !important;padding-bottom: 20px !important;background-color: #7b99ac !important;}\u00a0\u00bb][vc_column width=\u00a0\u00bb3\/4&Prime;]<div class=\"vcex-heading vcex-module wpex-text-2xl wpex-font-normal wpex-m-auto wpex-max-w-100 vcex-heading-plain wpex-block\" style=\"color:#ffffff;font-size:18px;font-weight:300;\"><span class=\"vcex-heading-inner wpex-inline-block wpex-clr\">VENEZ \u00c0 MAISON VAN STIJN Puy-de-D\u00d4ME AUVERGNE - ADULTS &amp; DOGS FRIENDLY<\/span><\/div><div class=\"vcex-spacing wpex-w-100 wpex-clear visible-phone\" style=\"height:15px\"><\/div>[\/vc_column][vc_column width=\u00a0\u00bb1\/4&Prime;]<div class=\"textcenter theme-button-wrap wpex-clr\"><a href=\"https:\/\/maisonvanstijn.net\/fr\/contact\/\" class=\"vcex-button theme-button medium align-center inline local-scroll-link\" style=\"width:250px;\"><span class=\"theme-button-inner\">R\u00e9server !<\/span><\/a><\/div> [\/vc_column][\/vc_row][vc_row full_width=\u00a0\u00bbstretch_row\u00a0\u00bb remove_bottom_col_margin=\u00a0\u00bbtrue\u00a0\u00bb css=\u00a0\u00bb.vc_custom_1563196169285{padding-top: 40px !important;}\u00a0\u00bb][vc_column]<h1 class=\"vcex-heading vcex-module wpex-text-2xl wpex-font-normal wpex-m-auto wpex-max-w-100 vcex-heading-plain wpex-block\"><span class=\"vcex-heading-inner wpex-inline-block wpex-clr\">En vacances avec votre chien<\/span><\/h1>[vc_row_inner remove_bottom_col_margin=\u00a0\u00bbtrue\u00a0\u00bb][vc_column_inner width=\u00a0\u00bb1\/2&Prime;]<div class=\"vcex-module vcex-bullets custom-icon\">\n<ul>\n<li><div class=\"vcex-bullets-ci-wrap wpex-inline-flex\"><span class=\"vcex-icon-wrap wpex-mr-10\"><span class=\"vcex-icon fas fa-chevron-circle-down\" aria-hidden=\"true\" style=\"color:#8ebf44;\"><\/span><\/span><div class=\"vcex-content wpex-flex-grow\">Vos chiens sont les bienvenus dans nos g\u00eetes!<\/div><\/div><\/li>\n<li><div class=\"vcex-bullets-ci-wrap wpex-inline-flex\"><span class=\"vcex-icon-wrap wpex-mr-10\"><span class=\"vcex-icon fas fa-chevron-circle-down\" aria-hidden=\"true\" style=\"color:#8ebf44;\"><\/span><\/span><div class=\"vcex-content wpex-flex-grow\">Votre chien peut se promener librement dans le jardin clos<\/div><\/div><\/li>\n<li><div class=\"vcex-bullets-ci-wrap wpex-inline-flex\"><span class=\"vcex-icon-wrap wpex-mr-10\"><span class=\"vcex-icon fas fa-chevron-circle-down\" aria-hidden=\"true\" style=\"color:#8ebf44;\"><\/span><\/span><div class=\"vcex-content wpex-flex-grow\">Les terrasses et les terrains sont enti\u00e8rement cl\u00f4tur\u00e9s<\/div><\/div><\/li>\n<li><div class=\"vcex-bullets-ci-wrap wpex-inline-flex\"><span class=\"vcex-icon-wrap wpex-mr-10\"><span class=\"vcex-icon fas fa-chevron-circle-down\" aria-hidden=\"true\" style=\"color:#8ebf44;\"><\/span><\/span><div class=\"vcex-content wpex-flex-grow\">Rivi\u00e8re adjacente \u00e0 notre terrain, accessible par un portail<\/div><\/div><\/li>\n<\/ul>\n<\/div>[\/vc_column_inner][vc_column_inner width=\u00a0\u00bb1\/2&Prime;]<div class=\"vcex-module vcex-bullets custom-icon\">\n<ul>\n<li><div class=\"vcex-bullets-ci-wrap wpex-inline-flex\"><span class=\"vcex-icon-wrap wpex-mr-10\"><span class=\"vcex-icon fas fa-chevron-circle-down\" aria-hidden=\"true\" style=\"color:#8ebf44;\"><\/span><\/span><div class=\"vcex-content wpex-flex-grow\">2 Chiens par g\u00eete gratuits (plus en consultation)<\/div><\/div><\/li>\n<li><div class=\"vcex-bullets-ci-wrap wpex-inline-flex\"><span class=\"vcex-icon-wrap wpex-mr-10\"><span class=\"vcex-icon fas fa-chevron-circle-down\" aria-hidden=\"true\" style=\"color:#8ebf44;\"><\/span><\/span><div class=\"vcex-content wpex-flex-grow\">V\u00e9t\u00e9rinaire \u00e0 distance de marche<\/div><\/div><\/li>\n<li><div class=\"vcex-bullets-ci-wrap wpex-inline-flex\"><span class=\"vcex-icon-wrap wpex-mr-10\"><span class=\"vcex-icon fas fa-chevron-circle-down\" aria-hidden=\"true\" style=\"color:#8ebf44;\"><\/span><\/span><div class=\"vcex-content wpex-flex-grow\">Cage de chien en plastique \u00e0 louer<\/div><\/div><\/li>\n<li><div class=\"vcex-bullets-ci-wrap wpex-inline-flex\"><span class=\"vcex-icon-wrap wpex-mr-10\"><span class=\"vcex-icon fas fa-chevron-circle-down\" aria-hidden=\"true\" style=\"color:#8ebf44;\"><\/span><\/span><div class=\"vcex-content wpex-flex-grow\">De nombreux itin\u00e9raires de marche courts et longs directement depuis notre domaine<\/div><\/div><\/li>\n<\/ul>\n<\/div>[\/vc_column_inner][\/vc_row_inner][\/vc_column][\/vc_row][vc_row gap=\u00a0\u00bb30&Prime; css=\u00a0\u00bb.vc_custom_1561552147000{padding-top: 40px !important;}\u00a0\u00bb][vc_column width=\u00a0\u00bb2\/3&Prime;]<h2 class=\"vcex-heading vcex-module wpex-text-2xl wpex-font-normal wpex-m-auto wpex-max-w-100 vcex-heading-plain wpex-block\"><span class=\"vcex-heading-inner wpex-inline-block wpex-clr\">Paradis des chiens en Auvergne<\/span><\/h2>[vc_column_text]Les chiens sont les bienvenus dans nos g\u00eetes et s&rsquo;imaginent au paradis en Auvergne! Ils peuvent marcher, courir, jouer, nager et explorer dans une nature magnifique et pr\u00e9serv\u00e9e. Mais c&rsquo;est aussi bon pour votre chien dans le jardin enti\u00e8rement clos, la rivi\u00e8re qui coule au fond du terrain et les g\u00eetes confortables![\/vc_column_text]<div class=\"vcex-spacing wpex-w-100 wpex-clear\" style=\"height:30px\"><\/div>[vc_column_text]<strong>Toute l&rsquo;ann\u00e9e, mais certainement aussi pedant l&rsquo;\u00e9t\u00e9 \u00e9lev\u00e9 tr\u00e8s agr\u00e9able pour votre chien!<\/strong><\/p>\n<p>Ce qui a \u00e9t\u00e9 mentionn\u00e9 par les clients qui vous ont pr\u00e9c\u00e9d\u00e9 comme \u00ab\u00a0tr\u00e8s agr\u00e9able dans cette r\u00e9gion\u00a0\u00bb, c&rsquo;est qu&rsquo;il y a tellement de rivi\u00e8res, de cascades et de lacs qui contiennent \u00e9galement suffisamment d&rsquo;eau en plein \u00e9t\u00e9, il y a des for\u00eats pour que des promenades ombrag\u00e9es puissent \u00eatre faites en \u00e9t\u00e9 et des prairies, des montagnes et des plateaux pour que vous puissiez marcher au soleil pendant les autres saisons, les promenades se font sur des chemins non pav\u00e9s et non goudronn\u00e9s (chemins forestiers, prairies) afin que les pattes de votre chien restent au frais et que les chiens puissent s&rsquo;allonger sur le carrelage des g\u00eetes en \u00e9t\u00e9. En bref, autour de Maison van Stijn, vous trouverez suffisamment d&rsquo;ombre, d&rsquo;eau et de sentiers de randonn\u00e9e non pav\u00e9s et vous pouvez \u00e9galement faire de belles promenades ensemble en plein \u00e9t\u00e9!<\/p>\n<p><strong>Un chien heureux, un patron heureux!<\/strong><\/p>\n<ul>\n<li>Pour que votre chien se d\u00e9tende avec vous dans le jardin enti\u00e8rement clos (1,00 m-1,20 m)<\/li>\n<li>Vous pouvez pagayer avec votre chien dans la rivi\u00e8re au fond du terrain et vous rafra\u00eechir<\/li>\n<li>Votre chien est autoris\u00e9 \u00e0 entrer dans l&rsquo;espace Table d&rsquo;H\u00f4te<\/li>\n<li>Votre chien peut courir sur de nombreuses promenades, souvent sans rencontrer personne<\/li>\n<li>Vous trouverez des rivi\u00e8res \u00e0 proximit\u00e9, des cascades, des lacs de baignade pour le propri\u00e9taire et le chien, des for\u00eats, des prairies, des hautes plaines, des montagnes et des volcans<\/li>\n<li>En g\u00e9n\u00e9ral, votre chien est autoris\u00e9 \u00e0 visiter une terrasse ou un restaurant sans aucun probl\u00e8me (veuillez demander)<\/li>\n<li>Et quand vous rentrez chez vous, un g\u00eete confortable et joli meubl\u00e9 vous attend o\u00f9 le chien et le propri\u00e9taire se sentent chez eux!<\/li>\n<\/ul>\n<p>En raison de l&#8217;emplacement des g\u00eetes les uns par rapport aux autres, chacun a suffisamment d&rsquo;espace et d&rsquo;intimit\u00e9 et les chiens n&rsquo;ont pas \u00e0 se voir, mais s&rsquo;ils l&rsquo;aiment, ils peuvent jouer et courir sur notre terrain[\/vc_column_text]<div class=\"vcex-spacing wpex-w-100 wpex-clear\" style=\"height:30px\"><\/div>[vc_tta_accordion style=\u00a0\u00bbmodern\u00a0\u00bb shape=\u00a0\u00bbsquare\u00a0\u00bb spacing=\u00a0\u00bb5&Prime; c_icon=\u00a0\u00bbchevron\u00a0\u00bb active_section=\u00a0\u00bb-1&Prime; no_fill=\u00a0\u00bbtrue\u00a0\u00bb collapsible_all=\u00a0\u00bbtrue\u00a0\u00bb][vc_tta_section title=\u00a0\u00bbPlus en savoir\u00a0\u00bb tab_id=\u00a0\u00bb1561548906448-43cf867b-c935&Prime;][vc_column_text]<strong>Important!<\/strong><br \/>\nIl y a un bon v\u00e9t\u00e9rinaire dans le village<\/p>\n<p><strong>Enchant\u00e9: Jazz &amp; Jambo<\/strong><br \/>\nNous avons nous-m\u00eames deux m\u00e2les adopt\u00e9s d&rsquo;Espagne. Galgo Espagnol Jazz (juin 2017) vit avec nous depuis novembre 2019 et mix Galgo Espagnol x Mastin (janvier 2018) est avec nous depuis ao\u00fbt 2020. Tous deux viennent d&rsquo;un \u00ab\u00a0refuge\u00a0\u00bb espagnol. Nos chiens n&rsquo;ont pas \u00e0 rencontrer votre(vos) chien(s) en raison de la situation g\u00e9ographique de notre maison par rapport aux g\u00eetes et au jardin clos[\/vc_column_text]<div class=\"vcex-spacing wpex-w-100 wpex-clear\" style=\"height:15px\"><\/div><div class=\"vcex-image-grid-wrap wpex-clr\"><div class=\"vcex-module vcex-image-grid wpex-clr grid-style-default wpex-row wpex-lightbox-group\"><div class=\"id-10056 vcex-image-grid-entry vcex-grid-item textcenter span_1_of_2 col col-1\"><figure class=\"vcex-image-grid-entry-figure wpex-last-mb-0 wpex-clr\"><div class=\"vcex-image-grid-entry-img entry-media wpex-mb-20\"><a href=\"https:\/\/maisonvanstijn.net\/wp-content\/uploads\/2021\/11\/WhatsApp-Image-2021-06-16-at-21.43.56-1-2-1500x1126.jpeg\" class=\"vcex-image-grid-entry-img wpex-lightbox-group-item\" data-caption=\"Jazz & Jambo\"><img decoding=\"async\" loading=\"lazy\" class=\"wpex-align-middle\" src=\"https:\/\/maisonvanstijn.net\/wp-content\/uploads\/2021\/11\/WhatsApp-Image-2021-06-16-at-21.43.56-1-2-490x490.jpeg\" alt=\"\" width=\"490\" height=\"490\" \/><\/a><\/div><\/figure><\/div><\/div><\/div>[\/vc_tta_section][\/vc_tta_accordion][vc_column_text][\/vc_column_text]<div class=\"vcex-spacing wpex-w-100 wpex-clear\" style=\"height:25px\"><\/div>[\/vc_column][vc_column width=\u00a0\u00bb1\/3&Prime;]<div class=\"vcex-spacing wpex-w-100 wpex-clear\" style=\"height:30px\"><\/div><div class=\"vcex-spacing wpex-w-100 wpex-clear\" style=\"height:30px\"><\/div>[vc_video link=\u00a0\u00bbhttps:\/\/youtu.be\/spo2VdXr5Pc\u00a0\u00bb]<div class=\"vcex-spacing wpex-w-100 wpex-clear\" style=\"height:30px\"><\/div>[vc_video link=\u00a0\u00bbhttps:\/\/youtu.be\/OLMMvFtxFS4&Prime;]<div class=\"vcex-spacing wpex-w-100 wpex-clear\" style=\"height:30px\"><\/div>[\/vc_column][\/vc_row][vc_row full_width=\u00a0\u00bbstretch_row\u00a0\u00bb remove_bottom_col_margin=\u00a0\u00bbtrue\u00a0\u00bb bg_style=\u00a0\u00bbstretch\u00a0\u00bb css=\u00a0\u00bb.vc_custom_1563200610477{border-top-width: 1px !important;border-right-width: 0px !important;border-bottom-width: 1px !important;border-left-width: 0px !important;background-color: #e6f0f6 !important;border-left-color: #f7f7f7 !important;border-left-style: solid !important;border-right-color: #f7f7f7 !important;border-right-style: solid !important;border-top-color: #f7f7f7 !important;border-top-style: solid !important;border-bottom-color: #f7f7f7 !important;border-bottom-style: solid !important;}\u00a0\u00bb][vc_column margin_bottom=\u00a0\u00bb0px\u00a0\u00bb]<div class=\"vcex-spacing wpex-w-100 wpex-clear\" style=\"height:30px\"><\/div><style>.vcex_69ea524b75fe6{font-size:28px!important;}@media (max-width:1024px){.vcex_69ea524b75fe6{font-size:26px!important;}}@media (max-width:959px){.vcex_69ea524b75fe6{font-size:24px!important;}}@media (max-width:767px){.vcex_69ea524b75fe6{font-size:22px!important;}}@media (max-width:479px){.vcex_69ea524b75fe6{font-size:22px!important;}}<\/style><div class=\"vcex-heading vcex-module wpex-text-2xl wpex-font-normal wpex-m-auto wpex-max-w-100 vcex-heading-plain wpex-block wpex-text-center vcex_69ea524b75fe6\" style=\"font-weight:400;\"><span class=\"vcex-heading-inner wpex-inline-block wpex-clr\">Exp\u00e9riences de nos clients<\/span><\/div><div class=\"vcex-module vcex-testimonials-fullslider dark-skin has-arrows\"><div class=\"wpex-slider slider-pro\" data-fade-arrows=\"false\" data-arrows=\"true\" data-buttons=\"true\" data-loop=\"true\" data-auto-play-delay=\"7000\" data-animation-speed=\"600\" data-height-animation-duration=\"400\" data-touch-swipe-desktop=\"false\"><div class=\"wpex-slider-slides sp-slides\"><div class=\"wpex-slider-slide sp-slide post-11353 entry type-testimonials cat-91 cat-93 cat-94 cat-95 translation_priority-81\"><div class=\"vcex-testimonials-fullslider-inner clr textcenter\"><div class=\"entry wpex-clr\" style=\"font-size:18px;\"><p>Nous avons s\u00e9journ\u00e9 dans votre maison 3 \u00e9toiles pendant 3 nuits et nous avons pass\u00e9 un excellent s\u00e9jour. La maison est lumineuze, tr\u00e8s fonctionelle, calme et vraiment agr\u00e9able. Nous vous remer\u00e7ions \u00e9galement d&rsquo;accepter les chiens, car nous\u00a0 voyageons avec notre petit Bounty et il est plus en plus difficile de trouver des logements qui acceptent nos animaux. Alors un GRAND MERCI! Nous avons pu profiter de la r\u00e9gion (Vulcania, ascension du Puy de Sancy, truffade &#8230;) Votre r\u00e9gion est tr\u00e8s belle! Un dernier point tr\u00e8s agr\u00e8able = l&rsquo;acc\u00e8s \u00e0 la rivi\u00e8re. F\u00e9licitations pour ces beaux escaliers! Merci pour tout! Peut-\u00eatre \u00e0 bient\u00f4t<\/p>\n<p>12 Mai 2024<\/p>\n<\/div><div class=\"vcex-testimonials-fullslider-author clr\"><div class=\"vcex-testimonials-fullslider-author-name\">Aur\u00e9lie, S\u00e9bastien, Ma\u00ebli, Cl\u00e9a et leur Border Collie Bounty<\/div><\/div><\/div><\/div><div class=\"wpex-slider-slide sp-slide post-11277 entry type-testimonials cat-91 cat-93 cat-94 cat-95 translation_priority-81\"><div class=\"vcex-testimonials-fullslider-inner clr textcenter\"><div class=\"entry wpex-clr\" style=\"font-size:18px;\"><div dir=\"ltr\">\n<div class=\" dir dir-ltr\">Tout \u00e9tait parfait de notre arriv\u00e9e \u00e0 notre d\u00e9part. Gerti est une personne d\u2019exception de par sa bienveillance et sa gentillesse et sa passion du bien recevoir ses h\u00f4tes nous a tous conquis. Encore merci \u00e0 elle pour se beau s\u00e9jour en Auvergne<\/div>\n<div>26 f\u00e9vrier 2024<\/div>\n<\/div>\n<div class=\"c1t17pc6 dir dir-ltr\"><\/div>\n<\/div><div class=\"vcex-testimonials-fullslider-author clr\"><div class=\"vcex-testimonials-fullslider-author-name\">Val\u00e9rie &amp; Famille et leur Setter Anglais Sky<\/div><\/div><\/div><\/div><div class=\"wpex-slider-slide sp-slide post-10462 entry type-testimonials cat-91 cat-93 cat-94 cat-95 translation_priority-81\"><div class=\"vcex-testimonials-fullslider-inner clr textcenter\"><div class=\"entry wpex-clr\" style=\"font-size:18px;\"><p>Nous avons pass\u00e9 un tr\u00e8s agr\u00e9able s\u00e9jour \u00e0 Egliseneuve. D\u00e8s l&rsquo;accueil, nous avons \u00e9t\u00e9 s\u00e9duit par le g\u00eete dont nous n&rsquo;avions vu que des photos sur le site internet. Nous avons pu profiter du beau temps qui \u00e9tait avec nous cette semaine avec la terasse et le grand jardin. Le g\u00eete est tr\u00e8s cosy et on s&rsquo;y sent vite comme \u00e0 la maison. Chambre, cuisine, salle de bain &#8230; tout est parfaitement agenc\u00e9 et decor\u00e9 avec go\u00fbt. Gr\u00e2ce au bons conseils de notre h\u00f4te, nous avons pu d\u00e9couvrir la cuisine locale dans des tr\u00e8s bonnes adresses avec un rapport qualit\u00e9-prix excellent. Nous avons \u00e9galement profit\u00e9 des qualit\u00e9s de guide touristique de notre h\u00f4te pour faire de reandonn\u00e9es incroyables hors des sentiers battas. Un tout grand merci et bonne continuation.<\/p>\n<p>6 Mai 2023<\/p>\n<\/div><div class=\"vcex-testimonials-fullslider-author clr\"><div class=\"vcex-testimonials-fullslider-author-name\">Famille Mariage - Casolin et leur Schnauzer nain Quipling<\/div><\/div><\/div><\/div><div class=\"wpex-slider-slide sp-slide post-10421 entry type-testimonials cat-91 cat-93 cat-94 cat-95 translation_priority-81\"><div class=\"vcex-testimonials-fullslider-inner clr textcenter\"><div class=\"entry wpex-clr\" style=\"font-size:18px;\"><p>C&rsquo;est avec beaucoup de plaisir que nous avons pass\u00e9 notre s\u00e9jour auvergnat dans votre tr\u00e8s cosy et tr\u00e8s confortable logement. Vous \u00eates un h\u00f4te tr\u00e8s \u00e0 l&rsquo;\u00e9coute et r\u00e9actif. Encore merci pour votre accueil et peut-\u00eatre \u00e0 une prochaine fois. Tr\u00e8s bonne continuation.<\/p>\n<p>4 Mars 2023<\/p>\n<\/div><div class=\"vcex-testimonials-fullslider-author clr\"><div class=\"vcex-testimonials-fullslider-author-name\">Famille Makani<\/div><\/div><\/div><\/div><div class=\"wpex-slider-slide sp-slide post-10417 entry type-testimonials cat-91 cat-93 cat-94 cat-95 translation_priority-81\"><div class=\"vcex-testimonials-fullslider-inner clr textcenter\"><div class=\"entry wpex-clr\" style=\"font-size:18px;\"><p>Un magnifique g\u00eete, tr\u00e8s \u00ab\u00a0cosy\u00a0\u00bb au coeur de cette belle r\u00e9gion. Merci pour l&rsquo;accueil chaleureux et l&rsquo;attention quotidienne. Lieu tr\u00e8s reposant et ressourcant. A une prochaine fois s\u00fbrement, Amicalement,<\/p>\n<p>27 f\u00e9vrier 2023<\/p>\n<\/div><div class=\"vcex-testimonials-fullslider-author clr\"><div class=\"vcex-testimonials-fullslider-author-name\">Frederic, Carin, Abiga\u00ebl, Hermione et leur Samoy\u00e8de Padm\u00e9<\/div><\/div><\/div><\/div><\/div><\/div><\/div><div class=\"textcenter theme-button-wrap wpex-clr\"><a href=\"https:\/\/maisonvanstijn.net\/fr\/experiences-de-nos-clients\/\" class=\"vcex-button theme-button align-center inline\" style=\"font-size:16px;\"><span class=\"theme-button-inner\">Toutes les exp\u00e9riences<span class=\"vcex-icon-wrap theme-button-icon-right wpex-transition-transform wpex-duration-200\" data-wpex-hover=\"{&quot;parent&quot;:&quot;.vcex-button&quot;,&quot;transform&quot;:&quot;translateX(10px)&quot;}\"><span class=\"ticon ticon-chevron-right\" aria-hidden=\"true\"><\/span><\/span><\/span><\/a><\/div> <div class=\"vcex-spacing wpex-w-100 wpex-clear\" style=\"height:50px\"><\/div>[\/vc_column][\/vc_row]\n<\/section>","protected":false},"excerpt":{"rendered":"<p>[vc_row full_width=\u00a0\u00bbstretch_row_content_no_spaces\u00a0\u00bb remove_bottom_col_margin=\u00a0\u00bbtrue\u00a0\u00bb][vc_column][\/vc_column][\/vc_row][vc_row full_width=\u00a0\u00bbstretch_row\u00a0\u00bb content_placement=\u00a0\u00bbmiddle\u00a0\u00bb equal_height=\u00a0\u00bbyes\u00a0\u00bb remove_bottom_col_margin=\u00a0\u00bbtrue\u00a0\u00bb bg_style=\u00a0\u00bbstretch\u00a0\u00bb video_bg_overlay=\u00a0\u00bbnone\u00a0\u00bb css=\u00a0\u00bb.vc_custom_1561627202811{padding-top: 20px !important;padding-bottom: 20px !important;background-color: #7b99ac !important;}\u00a0\u00bb][vc_column width=\u00a0\u00bb3\/4&Prime;][\/vc_column][vc_column width=\u00a0\u00bb1\/4&Prime;][\/vc_column][\/vc_row][vc_row full_width=\u00a0\u00bbstretch_row\u00a0\u00bb remove_bottom_col_margin=\u00a0\u00bbtrue\u00a0\u00bb css=\u00a0\u00bb.vc_custom_1563196169285{padding-top: 40px !important;}\u00a0\u00bb][vc_column][vc_row_inner remove_bottom_col_margin=\u00a0\u00bbtrue\u00a0\u00bb][vc_column_inner width=\u00a0\u00bb1\/2&Prime;][\/vc_column_inner][vc_column_inner width=\u00a0\u00bb1\/2&Prime;][\/vc_column_inner][\/vc_row_inner][\/vc_column][\/vc_row][vc_row gap=\u00a0\u00bb30&Prime; css=\u00a0\u00bb.vc_custom_1561552147000{padding-top: 40px !important;}\u00a0\u00bb][vc_column width=\u00a0\u00bb2\/3&Prime;][vc_column_text]Les chiens sont les bienvenus dans nos g\u00eetes et s&rsquo;imaginent au paradis en Auvergne! Ils peuvent marcher, courir, jouer, nager et explorer dans une nature&hellip;<\/p>\n","protected":false},"author":2,"featured_media":0,"parent":0,"menu_order":0,"comment_status":"closed","ping_status":"closed","template":"","meta":{"footnotes":""},"class_list":["post-8533","page","type-page","status-publish","hentry","entry","no-media"],"_links":{"self":[{"href":"https:\/\/maisonvanstijn.net\/fr\/wp-json\/wp\/v2\/pages\/8533","targetHints":{"allow":["GET"]}}],"collection":[{"href":"https:\/\/maisonvanstijn.net\/fr\/wp-json\/wp\/v2\/pages"}],"about":[{"href":"https:\/\/maisonvanstijn.net\/fr\/wp-json\/wp\/v2\/types\/page"}],"author":[{"embeddable":true,"href":"https:\/\/maisonvanstijn.net\/fr\/wp-json\/wp\/v2\/users\/2"}],"replies":[{"embeddable":true,"href":"https:\/\/maisonvanstijn.net\/fr\/wp-json\/wp\/v2\/comments?post=8533"}],"version-history":[{"count":11,"href":"https:\/\/maisonvanstijn.net\/fr\/wp-json\/wp\/v2\/pages\/8533\/revisions"}],"predecessor-version":[{"id":10068,"href":"https:\/\/maisonvanstijn.net\/fr\/wp-json\/wp\/v2\/pages\/8533\/revisions\/10068"}],"wp:attachment":[{"href":"https:\/\/maisonvanstijn.net\/fr\/wp-json\/wp\/v2\/media?parent=8533"}],"curies":[{"name":"wp","href":"https:\/\/api.w.org\/{rel}","templated":true}]}}