{"id":8544,"date":"2019-06-24T10:40:43","date_gmt":"2019-06-24T08:40:43","guid":{"rendered":"https:\/\/maisonvanstijn.net\/skien\/"},"modified":"2021-11-19T19:33:15","modified_gmt":"2021-11-19T18:33:15","slug":"ski","status":"publish","type":"page","link":"https:\/\/maisonvanstijn.net\/fr\/ski\/","title":{"rendered":"Ski"},"content":{"rendered":"<section class=\"wpb-content-wrapper\">[vc_row full_width=\u00a0\u00bbstretch_row_content_no_spaces\u00a0\u00bb remove_bottom_col_margin=\u00a0\u00bbtrue\u00a0\u00bb][vc_column]<div class=\"vcex-module wpex-carousel wpex-carousel-images wpex-clr owl-carousel no-margins arrwstyle-min arrwpos-abs\" data-wpex-carousel=\"{&quot;nav&quot;:true,&quot;dots&quot;:false,&quot;autoplay&quot;:false,&quot;loop&quot;:true,&quot;center&quot;:false,&quot;smartSpeed&quot;:250,&quot;items&quot;:4,&quot;slideBy&quot;:1,&quot;autoplayTimeout&quot;:5000,&quot;margin&quot;:0,&quot;itemsTablet&quot;:3,&quot;itemsMobileLandscape&quot;:2,&quot;itemsMobilePortrait&quot;:1,&quot;autoWidth&quot;:false,&quot;autoHeight&quot;:false}\"><div class=\"wpex-carousel-slide\"><figure class=\"wpex-carousel-entry-media entry-media\"><img loading=\"lazy\" decoding=\"async\" data-no-lazy=\"1\" class=\"wpex-align-middle skip-lazy\" src=\"https:\/\/maisonvanstijn.net\/wp-content\/uploads\/2020\/02\/2-1000x667.jpg\" alt=\"\" width=\"1000\" height=\"667\" \/><\/figure><\/div><div class=\"wpex-carousel-slide\"><figure class=\"wpex-carousel-entry-media entry-media\"><img loading=\"lazy\" decoding=\"async\" data-no-lazy=\"1\" class=\"wpex-align-middle skip-lazy\" src=\"https:\/\/maisonvanstijn.net\/wp-content\/uploads\/2019\/07\/7943imgp8733.jpg\" alt=\"\" width=\"1000\" height=\"667\" \/><\/figure><\/div><div class=\"wpex-carousel-slide\"><figure class=\"wpex-carousel-entry-media entry-media\"><img loading=\"lazy\" decoding=\"async\" data-no-lazy=\"1\" class=\"wpex-align-middle skip-lazy\" src=\"https:\/\/maisonvanstijn.net\/wp-content\/uploads\/2019\/07\/2518imgp8722.jpg\" alt=\"\" width=\"1000\" height=\"667\" \/><\/figure><\/div><div class=\"wpex-carousel-slide\"><figure class=\"wpex-carousel-entry-media entry-media\"><img loading=\"lazy\" decoding=\"async\" data-no-lazy=\"1\" class=\"wpex-align-middle skip-lazy\" src=\"https:\/\/maisonvanstijn.net\/wp-content\/uploads\/2020\/02\/3-1000x667.jpg\" alt=\"\" width=\"1000\" height=\"667\" \/><\/figure><\/div><div class=\"wpex-carousel-slide\"><figure class=\"wpex-carousel-entry-media entry-media\"><img loading=\"lazy\" decoding=\"async\" data-no-lazy=\"1\" class=\"wpex-align-middle skip-lazy\" src=\"https:\/\/maisonvanstijn.net\/wp-content\/uploads\/2019\/07\/939124.jpg\" alt=\"\" width=\"1000\" height=\"667\" \/><\/figure><\/div><\/div>[\/vc_column][\/vc_row][vc_row][vc_column]<div class=\"templatera_shortcode\"><div data-vc-full-width=\"true\" data-vc-full-width-init=\"false\" class=\"vc_row wpb_row vc_row-fluid vc_custom_1582275558716 vc_row-o-equal-height vc_row-o-content-middle vc_row-flex wpex-vc_row-has-fill wpex-vc-row-stretched no-bottom-margins\"><div class=\"wpb_column vc_column_container vc_col-sm-9\"><div class=\"vc_column-inner\"><div class=\"wpb_wrapper\"><div class=\"vcex-heading vcex-module wpex-text-2xl wpex-font-normal wpex-m-auto wpex-max-w-100 vcex-heading-plain wpex-block\" style=\"color:#ffffff;font-size:18px;font-weight:300;\"><span class=\"vcex-heading-inner wpex-inline-block wpex-clr\">VENEZ \u00c0 MAISON VAN STIJN PUY-de-D\u00d4ME AUVERGNE \u2013 ADULTS &amp; DOGS FRIENDLY<\/span><\/div><div class=\"vcex-spacing wpex-w-100 wpex-clear visible-phone\" style=\"height:15px\"><\/div><\/div><\/div><\/div><div class=\"wpb_column vc_column_container vc_col-sm-3\"><div class=\"vc_column-inner\"><div class=\"wpb_wrapper\"><div class=\"textcenter theme-button-wrap wpex-clr\"><a href=\"http:\/\/maisonvanstijn.net\/fr\/contact\/#reserver\" class=\"vcex-button theme-button medium align-center inline local-scroll-link\" style=\"width:250px;\"><span class=\"theme-button-inner\">R\u00e9server!<\/span><\/a><\/div> <\/div><\/div><\/div><\/div><div class=\"vc_row-full-width vc_clearfix\"><\/div><\/div>[\/vc_column][\/vc_row][vc_row][vc_column]<h1 class=\"vcex-heading vcex-module wpex-text-2xl wpex-font-normal wpex-m-auto wpex-max-w-100 vcex-heading-plain wpex-block\"><span class=\"vcex-heading-inner wpex-inline-block wpex-clr\">Skier en Auvergne<\/span><\/h1>[vc_row_inner][vc_column_inner width=\u00a0\u00bb1\/2&Prime;]<div class=\"vcex-module vcex-bullets custom-icon\">\n<ul>\n<li><div class=\"vcex-bullets-ci-wrap wpex-inline-flex\"><span class=\"vcex-icon-wrap wpex-mr-10\"><span class=\"vcex-icon fas fa-chevron-circle-down\" aria-hidden=\"true\" style=\"color:#8ebf44;\"><\/span><\/span><div class=\"vcex-content wpex-flex-grow\">Skier \u00e0 Super Besse, 15 min.<\/div><\/div><\/li>\n<li><div class=\"vcex-bullets-ci-wrap wpex-inline-flex\"><span class=\"vcex-icon-wrap wpex-mr-10\"><span class=\"vcex-icon fas fa-chevron-circle-down\" aria-hidden=\"true\" style=\"color:#8ebf44;\"><\/span><\/span><div class=\"vcex-content wpex-flex-grow\">Domaine skiable moyen environ 90 km. pistes<\/div><\/div><\/li>\n<li><div class=\"vcex-bullets-ci-wrap wpex-inline-flex\"><span class=\"vcex-icon-wrap wpex-mr-10\"><span class=\"vcex-icon fas fa-chevron-circle-down\" aria-hidden=\"true\" style=\"color:#8ebf44;\"><\/span><\/span><div class=\"vcex-content wpex-flex-grow\">Nocturne \/ ski pendant les vacances scolaire<\/div><\/div><\/li>\n<\/ul>\n<\/div>[\/vc_column_inner][vc_column_inner width=\u00a0\u00bb1\/2&Prime;]<div class=\"vcex-module vcex-bullets custom-icon\">\n<ul>\n<li><div class=\"vcex-bullets-ci-wrap wpex-inline-flex\"><span class=\"vcex-icon-wrap wpex-mr-10\"><span class=\"vcex-icon fas fa-chevron-circle-down\" aria-hidden=\"true\" style=\"color:#8ebf44;\"><\/span><\/span><div class=\"vcex-content wpex-flex-grow\">Ski de fond et autres options de sports d&rsquo;hiver<\/div><\/div><\/li>\n<li><div class=\"vcex-bullets-ci-wrap wpex-inline-flex\"><span class=\"vcex-icon-wrap wpex-mr-10\"><span class=\"vcex-icon fas fa-chevron-circle-down\" aria-hidden=\"true\" style=\"color:#8ebf44;\"><\/span><\/span><div class=\"vcex-content wpex-flex-grow\">Super Besse, Sancy, Auvergne beaucoup moins cher que les autres r\u00e9gions!<\/div><\/div><\/li>\n<li><div class=\"vcex-bullets-ci-wrap wpex-inline-flex\"><span class=\"vcex-icon-wrap wpex-mr-10\"><span class=\"vcex-icon fas fa-chevron-circle-down\" aria-hidden=\"true\" style=\"color:#8ebf44;\"><\/span><\/span><div class=\"vcex-content wpex-flex-grow\">Aussi tr\u00e8s sympa avec votre chien!<\/div><\/div><\/li>\n<\/ul>\n<\/div>[\/vc_column_inner][\/vc_row_inner]<div class=\"vcex-spacing wpex-w-100 wpex-clear\" style=\"height:30px\"><\/div>[vc_row_inner][vc_column_inner width=\u00a0\u00bb2\/3&Prime;]<h1 class=\"vcex-heading vcex-module wpex-text-2xl wpex-font-normal wpex-m-auto wpex-max-w-100 vcex-heading-plain wpex-block\"><span class=\"vcex-heading-inner wpex-inline-block wpex-clr\">Sports d'hiver en Auvergne : Neige sur un volcan<\/span><\/h1>[vc_column_text]La station de sports d&rsquo;hiver touristique de Super Besse, qui fait partie du massif du Puy de Sancy en Auvergne, se trouve \u00e0 15 minutes en voiture d&rsquo;Egliseneuve. En raison des nombreuses possibilit\u00e9s de sports d&rsquo;hiver \u00e0 des tarifs avantageux, comme le ski, le ski de fond, la marche en raquette, le tra\u00eeneau \u00e0 chiens et l&rsquo;escalade de glace, l&rsquo;Auvergne est une r\u00e9gion populaire[\/vc_column_text][\/vc_column_inner][vc_column_inner width=\u00a0\u00bb1\/3&Prime;]<h1 class=\"vcex-heading vcex-module wpex-text-2xl wpex-font-normal wpex-m-auto wpex-max-w-100 vcex-heading-plain wpex-block\"><span class=\"vcex-heading-inner wpex-inline-block wpex-clr\">Skier \u00e0 Super Besse<\/span><\/h1>[vc_video link=\u00a0\u00bbhttps:\/\/youtu.be\/N_KlMwRnmnA\u00a0\u00bb][\/vc_column_inner][\/vc_row_inner][vc_tta_accordion style=\u00a0\u00bbmodern\u00a0\u00bb shape=\u00a0\u00bbsquare\u00a0\u00bb spacing=\u00a0\u00bb5&Prime; c_icon=\u00a0\u00bbchevron\u00a0\u00bb active_section=\u00a0\u00bb-1&Prime; no_fill=\u00a0\u00bbtrue\u00a0\u00bb collapsible_all=\u00a0\u00bbtrue\u00a0\u00bb][vc_tta_section title=\u00a0\u00bbLire plus\u00a0\u00bb tab_id=\u00a0\u00bb1581449360764-86188dca-32c2&Prime;][vc_column_text]Les domaines skiables de Super Besse et du Mont Dore sont reli\u00e9s par une liaison. Ensemble, ces zones ont plus de 60 pistes (environ 90 km) avec quelque chose pour tout le monde (vert, bleu, rouge et noir). La r\u00e9gion est id\u00e9ale pour les familles et les d\u00e9butants, tandis que les skieurs avanc\u00e9s peuvent \u00e9galement s&rsquo;amuser. Les pistes sont ouvertes, selon les conditions d&rsquo;enneigement, de mi-d\u00e9cembre \u00e0 fin mars. Le ski Nocturne \u00e0 Super Besse est fortement recommand\u00e9: pendant les vacances scolaire \/ week-ends, vous pouvez skier sur un grand nombre de pistes bien \u00e9clair\u00e9es le soir de 17h00 \u00e0 21h00: tr\u00e8s confortable! Curieux? Vous pouvez regarder les pistes en direct via la webcam<\/p>\n<p>La zone est \u00e9galement tr\u00e8s adapt\u00e9e aux skieurs de fond. Il y a un total d&rsquo;environ 100 km de pistes, toute la zone de ski de fond couvre environ 250 km et ici aussi, il y en a assez pour chaque niveau[\/vc_column_text][\/vc_tta_section][\/vc_tta_accordion][\/vc_column][\/vc_row][vc_row full_width=\u00a0\u00bbstretch_row\u00a0\u00bb remove_bottom_col_margin=\u00a0\u00bbtrue\u00a0\u00bb bg_style=\u00a0\u00bbstretch\u00a0\u00bb css=\u00a0\u00bb.vc_custom_1563199280532{border-top-width: 1px !important;border-right-width: 0px !important;border-bottom-width: 1px !important;border-left-width: 0px !important;background-color: #e6f0f6 !important;border-left-color: #f7f7f7 !important;border-left-style: solid !important;border-right-color: #f7f7f7 !important;border-right-style: solid !important;border-top-color: #f7f7f7 !important;border-top-style: solid !important;border-bottom-color: #f7f7f7 !important;border-bottom-style: solid !important;}\u00a0\u00bb][vc_column margin_bottom=\u00a0\u00bb0px\u00a0\u00bb]<div class=\"vcex-spacing wpex-w-100 wpex-clear\" style=\"height:30px\"><\/div><style>.vcex_69f0e8acad0a6{font-size:28px!important;}@media (max-width:1024px){.vcex_69f0e8acad0a6{font-size:26px!important;}}@media (max-width:959px){.vcex_69f0e8acad0a6{font-size:24px!important;}}@media (max-width:767px){.vcex_69f0e8acad0a6{font-size:22px!important;}}@media (max-width:479px){.vcex_69f0e8acad0a6{font-size:22px!important;}}<\/style><div class=\"vcex-heading vcex-module wpex-text-2xl wpex-font-normal wpex-m-auto wpex-max-w-100 vcex-heading-plain wpex-block wpex-text-center vcex_69f0e8acad0a6\" style=\"font-weight:400;\"><span class=\"vcex-heading-inner wpex-inline-block wpex-clr\">Exp\u00e9riences de nos clients<\/span><\/div><div class=\"vcex-module vcex-testimonials-fullslider dark-skin has-arrows\"><div class=\"wpex-slider slider-pro\" data-fade-arrows=\"false\" data-arrows=\"true\" data-buttons=\"true\" data-loop=\"true\" data-auto-play-delay=\"7000\" data-animation-speed=\"600\" data-height-animation-duration=\"400\" data-touch-swipe-desktop=\"false\"><div class=\"wpex-slider-slides sp-slides\"><div class=\"wpex-slider-slide sp-slide post-11353 entry type-testimonials cat-91 cat-93 cat-94 cat-95 translation_priority-81\"><div class=\"vcex-testimonials-fullslider-inner clr textcenter\"><div class=\"entry wpex-clr\" style=\"font-size:18px;\"><p>Nous avons s\u00e9journ\u00e9 dans votre maison 3 \u00e9toiles pendant 3 nuits et nous avons pass\u00e9 un excellent s\u00e9jour. La maison est lumineuze, tr\u00e8s fonctionelle, calme et vraiment agr\u00e9able. Nous vous remer\u00e7ions \u00e9galement d&rsquo;accepter les chiens, car nous\u00a0 voyageons avec notre petit Bounty et il est plus en plus difficile de trouver des logements qui acceptent nos animaux. Alors un GRAND MERCI! Nous avons pu profiter de la r\u00e9gion (Vulcania, ascension du Puy de Sancy, truffade &#8230;) Votre r\u00e9gion est tr\u00e8s belle! Un dernier point tr\u00e8s agr\u00e8able = l&rsquo;acc\u00e8s \u00e0 la rivi\u00e8re. F\u00e9licitations pour ces beaux escaliers! Merci pour tout! Peut-\u00eatre \u00e0 bient\u00f4t<\/p>\n<p>12 Mai 2024<\/p>\n<\/div><div class=\"vcex-testimonials-fullslider-author clr\"><div class=\"vcex-testimonials-fullslider-author-name\">Aur\u00e9lie, S\u00e9bastien, Ma\u00ebli, Cl\u00e9a et leur Border Collie Bounty<\/div><\/div><\/div><\/div><div class=\"wpex-slider-slide sp-slide post-11277 entry type-testimonials cat-91 cat-93 cat-94 cat-95 translation_priority-81\"><div class=\"vcex-testimonials-fullslider-inner clr textcenter\"><div class=\"entry wpex-clr\" style=\"font-size:18px;\"><div dir=\"ltr\">\n<div class=\" dir dir-ltr\">Tout \u00e9tait parfait de notre arriv\u00e9e \u00e0 notre d\u00e9part. Gerti est une personne d\u2019exception de par sa bienveillance et sa gentillesse et sa passion du bien recevoir ses h\u00f4tes nous a tous conquis. Encore merci \u00e0 elle pour se beau s\u00e9jour en Auvergne<\/div>\n<div>26 f\u00e9vrier 2024<\/div>\n<\/div>\n<div class=\"c1t17pc6 dir dir-ltr\"><\/div>\n<\/div><div class=\"vcex-testimonials-fullslider-author clr\"><div class=\"vcex-testimonials-fullslider-author-name\">Val\u00e9rie &amp; Famille et leur Setter Anglais Sky<\/div><\/div><\/div><\/div><div class=\"wpex-slider-slide sp-slide post-10462 entry type-testimonials cat-91 cat-93 cat-94 cat-95 translation_priority-81\"><div class=\"vcex-testimonials-fullslider-inner clr textcenter\"><div class=\"entry wpex-clr\" style=\"font-size:18px;\"><p>Nous avons pass\u00e9 un tr\u00e8s agr\u00e9able s\u00e9jour \u00e0 Egliseneuve. D\u00e8s l&rsquo;accueil, nous avons \u00e9t\u00e9 s\u00e9duit par le g\u00eete dont nous n&rsquo;avions vu que des photos sur le site internet. Nous avons pu profiter du beau temps qui \u00e9tait avec nous cette semaine avec la terasse et le grand jardin. Le g\u00eete est tr\u00e8s cosy et on s&rsquo;y sent vite comme \u00e0 la maison. Chambre, cuisine, salle de bain &#8230; tout est parfaitement agenc\u00e9 et decor\u00e9 avec go\u00fbt. Gr\u00e2ce au bons conseils de notre h\u00f4te, nous avons pu d\u00e9couvrir la cuisine locale dans des tr\u00e8s bonnes adresses avec un rapport qualit\u00e9-prix excellent. Nous avons \u00e9galement profit\u00e9 des qualit\u00e9s de guide touristique de notre h\u00f4te pour faire de reandonn\u00e9es incroyables hors des sentiers battas. Un tout grand merci et bonne continuation.<\/p>\n<p>6 Mai 2023<\/p>\n<\/div><div class=\"vcex-testimonials-fullslider-author clr\"><div class=\"vcex-testimonials-fullslider-author-name\">Famille Mariage - Casolin et leur Schnauzer nain Quipling<\/div><\/div><\/div><\/div><div class=\"wpex-slider-slide sp-slide post-10421 entry type-testimonials cat-91 cat-93 cat-94 cat-95 translation_priority-81\"><div class=\"vcex-testimonials-fullslider-inner clr textcenter\"><div class=\"entry wpex-clr\" style=\"font-size:18px;\"><p>C&rsquo;est avec beaucoup de plaisir que nous avons pass\u00e9 notre s\u00e9jour auvergnat dans votre tr\u00e8s cosy et tr\u00e8s confortable logement. Vous \u00eates un h\u00f4te tr\u00e8s \u00e0 l&rsquo;\u00e9coute et r\u00e9actif. Encore merci pour votre accueil et peut-\u00eatre \u00e0 une prochaine fois. Tr\u00e8s bonne continuation.<\/p>\n<p>4 Mars 2023<\/p>\n<\/div><div class=\"vcex-testimonials-fullslider-author clr\"><div class=\"vcex-testimonials-fullslider-author-name\">Famille Makani<\/div><\/div><\/div><\/div><div class=\"wpex-slider-slide sp-slide post-10417 entry type-testimonials cat-91 cat-93 cat-94 cat-95 translation_priority-81\"><div class=\"vcex-testimonials-fullslider-inner clr textcenter\"><div class=\"entry wpex-clr\" style=\"font-size:18px;\"><p>Un magnifique g\u00eete, tr\u00e8s \u00ab\u00a0cosy\u00a0\u00bb au coeur de cette belle r\u00e9gion. Merci pour l&rsquo;accueil chaleureux et l&rsquo;attention quotidienne. Lieu tr\u00e8s reposant et ressourcant. A une prochaine fois s\u00fbrement, Amicalement,<\/p>\n<p>27 f\u00e9vrier 2023<\/p>\n<\/div><div class=\"vcex-testimonials-fullslider-author clr\"><div class=\"vcex-testimonials-fullslider-author-name\">Frederic, Carin, Abiga\u00ebl, Hermione et leur Samoy\u00e8de Padm\u00e9<\/div><\/div><\/div><\/div><\/div><\/div><\/div><div class=\"textcenter theme-button-wrap wpex-clr\"><a href=\"https:\/\/maisonvanstijn.net\/fr\/experiences-de-nos-clients\/\" class=\"vcex-button theme-button align-center inline\" style=\"font-size:16px;\"><span class=\"theme-button-inner\">Toutes les exp\u00e9riences<span class=\"vcex-icon-wrap theme-button-icon-right wpex-transition-transform wpex-duration-200\" data-wpex-hover=\"{&quot;parent&quot;:&quot;.vcex-button&quot;,&quot;transform&quot;:&quot;translateX(10px)&quot;}\"><span class=\"ticon ticon-chevron-right\" aria-hidden=\"true\"><\/span><\/span><\/span><\/a><\/div> <div class=\"vcex-spacing wpex-w-100 wpex-clear\" style=\"height:50px\"><\/div>[\/vc_column][\/vc_row]\n<\/section>","protected":false},"excerpt":{"rendered":"Un magnifique g\u00eete, tr\u00e8s \"cosy\" au coeur de cette belle r\u00e9gion. Merci pour l'accueil chaleureux et l'attention quotidienne. Lieu tr\u00e8s reposant et ressourcant. A une prochaine fois s\u00fbrement, Amicalement, 27 f\u00e9vrier 2023","protected":false},"author":2,"featured_media":0,"parent":0,"menu_order":0,"comment_status":"closed","ping_status":"closed","template":"","meta":{"footnotes":""},"class_list":["post-8544","page","type-page","status-publish","hentry","entry","no-media"],"_links":{"self":[{"href":"https:\/\/maisonvanstijn.net\/fr\/wp-json\/wp\/v2\/pages\/8544","targetHints":{"allow":["GET"]}}],"collection":[{"href":"https:\/\/maisonvanstijn.net\/fr\/wp-json\/wp\/v2\/pages"}],"about":[{"href":"https:\/\/maisonvanstijn.net\/fr\/wp-json\/wp\/v2\/types\/page"}],"author":[{"embeddable":true,"href":"https:\/\/maisonvanstijn.net\/fr\/wp-json\/wp\/v2\/users\/2"}],"replies":[{"embeddable":true,"href":"https:\/\/maisonvanstijn.net\/fr\/wp-json\/wp\/v2\/comments?post=8544"}],"version-history":[{"count":7,"href":"https:\/\/maisonvanstijn.net\/fr\/wp-json\/wp\/v2\/pages\/8544\/revisions"}],"predecessor-version":[{"id":10071,"href":"https:\/\/maisonvanstijn.net\/fr\/wp-json\/wp\/v2\/pages\/8544\/revisions\/10071"}],"wp:attachment":[{"href":"https:\/\/maisonvanstijn.net\/fr\/wp-json\/wp\/v2\/media?parent=8544"}],"curies":[{"name":"wp","href":"https:\/\/api.w.org\/{rel}","templated":true}]}}