{"id":8550,"date":"2019-06-20T16:26:57","date_gmt":"2019-06-20T14:26:57","guid":{"rendered":"https:\/\/maisonvanstijn.net\/tarieven\/"},"modified":"2026-04-02T15:42:31","modified_gmt":"2026-04-02T13:42:31","slug":"tarifs","status":"publish","type":"page","link":"https:\/\/maisonvanstijn.net\/fr\/tarifs\/","title":{"rendered":"Tarifs"},"content":{"rendered":"<section class=\"wpb-content-wrapper\">[vc_row][vc_column]<div class=\"templatera_shortcode\"><div data-vc-full-width=\"true\" data-vc-full-width-init=\"false\" class=\"vc_row wpb_row vc_row-fluid vc_custom_1582275558716 vc_row-o-equal-height vc_row-o-content-middle vc_row-flex wpex-vc_row-has-fill wpex-vc-row-stretched no-bottom-margins\"><div class=\"wpb_column vc_column_container vc_col-sm-9\"><div class=\"vc_column-inner\"><div class=\"wpb_wrapper\"><div class=\"vcex-heading vcex-module wpex-text-2xl wpex-font-normal wpex-m-auto wpex-max-w-100 vcex-heading-plain wpex-block\" style=\"color:#ffffff;font-size:18px;font-weight:300;\"><span class=\"vcex-heading-inner wpex-inline-block wpex-clr\">VENEZ \u00c0 MAISON VAN STIJN PUY-de-D\u00d4ME AUVERGNE \u2013 ADULTS &amp; DOGS FRIENDLY<\/span><\/div><div class=\"vcex-spacing wpex-w-100 wpex-clear visible-phone\" style=\"height:15px\"><\/div><\/div><\/div><\/div><div class=\"wpb_column vc_column_container vc_col-sm-3\"><div class=\"vc_column-inner\"><div class=\"wpb_wrapper\"><div class=\"textcenter theme-button-wrap wpex-clr\"><a href=\"http:\/\/maisonvanstijn.net\/fr\/contact\/#reserver\" class=\"vcex-button theme-button medium align-center inline local-scroll-link\" style=\"width:250px;\"><span class=\"theme-button-inner\">R\u00e9server!<\/span><\/a><\/div> <\/div><\/div><\/div><\/div><div class=\"vc_row-full-width vc_clearfix\"><\/div><\/div>[\/vc_column][\/vc_row][vc_row responsive_text=\u00a0\u00bbfalse\u00a0\u00bb italic=\u00a0\u00bbfalse\u00a0\u00bb text_align=\u00a0\u00bbcenter\u00a0\u00bb width=\u00a0\u00bb\u00a0\u00bb align=\u00a0\u00bb\u00a0\u00bb font_family=\u00a0\u00bb\u00a0\u00bb color=\u00a0\u00bb\u00a0\u00bb font_size=\u00a0\u00bb\u00a0\u00bb min_font_size=\u00a0\u00bb\u00a0\u00bb line_height=\u00a0\u00bb\u00a0\u00bb letter_spacing=\u00a0\u00bb\u00a0\u00bb font_weight=\u00a0\u00bb\u00a0\u00bb][vc_column][vc_column_text text_align=\u00a0\u00bbcenter\u00a0\u00bb]\n<table class=\"demo\">\n<thead>\n<tr>\n<th><span style=\"color: #ffffff;\">Periode 2026<\/span><\/th>\n<th><span style=\"color: #ffffff;\">Gite du Bois I &amp; II max. 4 personnes<\/span><\/th>\n<th><span style=\"color: #ffffff;\">Gite Les 3 \u00c9toiles max. 5 personnes<\/span><\/th>\n<\/tr>\n<\/thead>\n<tbody>\n<tr>\n<td>04 avril &#8211; 02 mai 2026<\/td>\n<td>695,= euro p\/s*<\/td>\n<td>895,= euro p\/s*<\/td>\n<\/tr>\n<tr>\n<td>02 mai &#8211; 30 mai 2026<\/td>\n<td>825,= euro p\/s*<\/td>\n<td>950,= euro p\/s*<\/td>\n<\/tr>\n<tr>\n<td>30 mai \u2013 04 juillet 2026<\/td>\n<td>950,= euro p\/s<\/td>\n<td>1.050,= euro p\/s<\/td>\n<\/tr>\n<tr>\n<td>04 juillet \u2013 29 ao\u00fbt 2026<\/td>\n<td>1.075,= euro p\/s<\/td>\n<td>1.195,= euro p\/s<\/td>\n<\/tr>\n<tr>\n<td>29 ao\u00fbt \u2013 03 octobre 2026<\/td>\n<td>950,= euro p\/s<\/td>\n<td>1.050,= euro p\/s<\/td>\n<\/tr>\n<tr>\n<td>03 octobre \u2013 31 octobre 2026<\/td>\n<td>875,= euro p\/s*<\/td>\n<td>975,= euro p\/s*<\/td>\n<\/tr>\n<tr>\n<td>31 octobre \u2013 19 decembre 2026<\/td>\n<td>625,= euro p\/s*<\/td>\n<td>795,= euro p\/s*<\/td>\n<\/tr>\n<tr>\n<td>19 decembre &#8211; 02 janvier 2027<\/td>\n<td>1.075,= euro p\/s*<\/td>\n<td>1.995,= euro p\/s*<\/td>\n<\/tr>\n<tr>\n<td><\/td>\n<td><\/td>\n<td><\/td>\n<\/tr>\n<tr>\n<td><\/td>\n<td><\/td>\n<td><\/td>\n<\/tr>\n<tr>\n<td><\/td>\n<td><\/td>\n<td><\/td>\n<\/tr>\n<\/tbody>\n<\/table>\n[\/vc_column_text][\/vc_column][\/vc_row][vc_row full_width=\u00a0\u00bbstretch_row\u00a0\u00bb responsive_text=\u00a0\u00bbfalse\u00a0\u00bb italic=\u00a0\u00bbfalse\u00a0\u00bb text_align=\u00a0\u00bbcenter\u00a0\u00bb width=\u00a0\u00bb\u00a0\u00bb align=\u00a0\u00bb\u00a0\u00bb font_family=\u00a0\u00bb\u00a0\u00bb color=\u00a0\u00bb\u00a0\u00bb font_size=\u00a0\u00bb\u00a0\u00bb min_font_size=\u00a0\u00bb\u00a0\u00bb line_height=\u00a0\u00bb\u00a0\u00bb letter_spacing=\u00a0\u00bb\u00a0\u00bb font_weight=\u00a0\u00bb\u00a0\u00bb css=\u00a0\u00bb.vc_custom_1563193044358{padding-top: 40px !important;background-color: #e6f0f6 !important;}\u00a0\u00bb][vc_column]<h1 class=\"vcex-heading vcex-module wpex-text-2xl wpex-font-normal wpex-m-auto wpex-max-w-100 vcex-heading-plain wpex-block\"><span class=\"vcex-heading-inner wpex-inline-block wpex-clr\">Informations suppl\u00e9mentaires sur les tarifs<\/span><\/h1>[vc_column_text]<span class=\"wpex-text-md wpex-text-lg\"><strong>Dur\u00e9e minimale de s\u00e9jour<\/strong><\/span><br \/>\n<span style=\"text-decoration: underline;\"><strong>Haute saison<\/strong><\/span><strong> :<\/strong><br \/>\n<strong>S\u00e9jour minimum : <\/strong>3 nuits<br \/>\n<strong>Jours d\u2019arriv\u00e9e et de d\u00e9part flexibles pour plus de libert\u00e9<\/strong><br \/>\n<strong>Arriv\u00e9e : <\/strong>entre 16h00 et 20h00<br \/>\n<strong>D\u00e9part : <\/strong>avant 10h00<\/p>\n<p><span style=\"text-decoration: underline;\"><strong>Basse et moyenne saison<\/strong><\/span><br \/>\n<strong>S\u00e9jour minimum :<\/strong> 2 nuits<br \/>\n<strong>Jours d\u2019arriv\u00e9e et de d\u00e9part flexibles<\/strong><br \/>\n<strong>Arriv\u00e9e :<\/strong> entre 16h00 et 20h00<br \/>\n<strong>D\u00e9part :<\/strong> avant 10h00<\/p>\n<p><span class=\"wpex-text-lg\"><strong>Tarifs par nuit<\/strong><\/span><br \/>\n<span style=\"text-decoration: underline;\"><strong>G\u00eete du Bois I &amp; G\u00eete du Bois II<\/strong><\/span><br \/>\n<strong>155 \u20ac par nuit<\/strong><br \/>\n<strong>Capacit\u00e9 :<\/strong> jusqu\u2019\u00e0 4 personnes<\/p>\n<p><span style=\"text-decoration: underline;\"><strong>G\u00eete Les 3 \u00c9toiles d\u2019Auvergne<\/strong><\/span><br \/>\n<strong>175 \u20ac par nuit<\/strong><br \/>\n<strong>Capacit\u00e9 :<\/strong> jusqu\u2019\u00e0 4 personnes<\/p>\n<p><strong>Personne suppl\u00e9mentaire : <\/strong>37,50 \u20ac par personne\/par nuit<\/p>\n<blockquote>\n<p>Ces g\u00eetes spacieux et confortables sont parfaits pour profiter pleinement de la nature et du calme de l\u2019Auvergne.<\/p>\n<\/blockquote>\n<p><span class=\"wpex-text-lg\"><strong>Conditions de r\u00e9servation<\/strong><\/span><br \/>\n<strong>Caution :<\/strong> 250 \u20ac<br \/>\n<strong>Acompte :<\/strong> 25 % du montant total de la location<br \/>\nLe <strong>solde (75 %) et la caution<\/strong> sont \u00e0 r\u00e9gler <strong>4\u00a0semaines avant l\u2019arriv\u00e9e<\/strong><\/p>\n<p><span class=\"wpex-text-lg\"><strong>Les tarifs comprennent<\/strong><\/span><br \/>\nPour que votre s\u00e9jour soit le plus agr\u00e9able possible, plusieurs services sont inclus dans le prix :<br \/>\n<strong>2 chiens par g\u00eete <\/strong>(chiens suppl\u00e9mentaires sur demande : 15 \u20ac par chien et par semaine)<br \/>\n<strong>200 kWh d\u2019\u00e9lectricit\u00e9 par semaine<\/strong><br \/>\n<strong>L\u2019eau<\/strong><br \/>\n<strong>Le linge de lit<\/strong><br \/>\n<strong>La taxe de s\u00e9jour<\/strong><br \/>\n<strong>Le m\u00e9nage de fin de s\u00e9jour<\/strong><br \/>\n<strong>La pr\u00e9paration des lits \u00e0 votre arriv\u00e9e<\/strong><br \/>\n<strong>Wi-Fi gratuit<\/strong><br \/>\n<strong>Premier panier de bois de chauffage<\/strong> pendant la p\u00e9riode indiqu\u00e9e par un ast\u00e9risque (*)<\/p>\n<p><span class=\"wpex-text-lg\"><strong>Options et services suppl\u00e9mentaires<\/strong><\/span><br \/>\nPour rendre votre s\u00e9jour encore plus agr\u00e9able :<br \/>\n<strong>Service de repas<\/strong><br \/>\n<strong>Set de linge<\/strong> (1 drap de bain, 1 serviette de toilette, linge de cuisine, tapis de bain) 8,50 \u20ac par personne\/par semaine<br \/>\n<strong>Panier de bois de chauffage<\/strong> : 10 \u20ac<br \/>\n<strong>Cage de transport pour chien<\/strong> : 15 \u20ac par semaine<br \/>\n<strong>Sauna<\/strong><br \/>\n<strong>Massage relaxant<\/strong><\/p>\n<blockquote>\n<p>Envie de profiter du calme de la nature en Auvergne ?<br \/>\nNos g\u00eetes confortables vous accueillent toute l\u2019ann\u00e9e pour un s\u00e9jour reposant, avec vos proches et vos chiens \ud83c\udf3f<\/p>\n<\/blockquote>\n[\/vc_column_text][\/vc_column][\/vc_row]\n<\/section>","protected":false},"excerpt":{"rendered":"VENEZ \u00c0 MAISON VAN STIJN PUY-de-D\u00d4ME AUVERGNE \u2013 ADULTS &amp; DOGS FRIENDLYR\u00e9server! Periode 2026 Gite du Bois I &amp; II max. 4 personnes Gite Les 3 \u00c9toiles max. 5 personnes 04 avril - 02 mai 2026 695,= euro p\/s* 895,= euro p\/s* 02 mai - 30 mai 2026 825,= euro p\/s* 950,= euro p\/s* 30&hellip;","protected":false},"author":2,"featured_media":0,"parent":0,"menu_order":0,"comment_status":"closed","ping_status":"closed","template":"","meta":{"footnotes":""},"class_list":["post-8550","page","type-page","status-publish","hentry","entry","no-media"],"_links":{"self":[{"href":"https:\/\/maisonvanstijn.net\/fr\/wp-json\/wp\/v2\/pages\/8550","targetHints":{"allow":["GET"]}}],"collection":[{"href":"https:\/\/maisonvanstijn.net\/fr\/wp-json\/wp\/v2\/pages"}],"about":[{"href":"https:\/\/maisonvanstijn.net\/fr\/wp-json\/wp\/v2\/types\/page"}],"author":[{"embeddable":true,"href":"https:\/\/maisonvanstijn.net\/fr\/wp-json\/wp\/v2\/users\/2"}],"replies":[{"embeddable":true,"href":"https:\/\/maisonvanstijn.net\/fr\/wp-json\/wp\/v2\/comments?post=8550"}],"version-history":[{"count":28,"href":"https:\/\/maisonvanstijn.net\/fr\/wp-json\/wp\/v2\/pages\/8550\/revisions"}],"predecessor-version":[{"id":12644,"href":"https:\/\/maisonvanstijn.net\/fr\/wp-json\/wp\/v2\/pages\/8550\/revisions\/12644"}],"wp:attachment":[{"href":"https:\/\/maisonvanstijn.net\/fr\/wp-json\/wp\/v2\/media?parent=8550"}],"curies":[{"name":"wp","href":"https:\/\/api.w.org\/{rel}","templated":true}]}}