{"id":8558,"date":"2019-06-20T16:52:03","date_gmt":"2019-06-20T14:52:03","guid":{"rendered":"https:\/\/maisonvanstijn.net\/wandel-en-fietsparadijs\/"},"modified":"2021-11-19T17:57:09","modified_gmt":"2021-11-19T16:57:09","slug":"paradis-randonnee-velo","status":"publish","type":"page","link":"https:\/\/maisonvanstijn.net\/fr\/paradis-randonnee-velo\/","title":{"rendered":"Paradis de la randonn\u00e9e et du v\u00e9lo"},"content":{"rendered":"<section class=\"wpb-content-wrapper\">[vc_row full_width=\u00a0\u00bbstretch_row_content_no_spaces\u00a0\u00bb remove_bottom_col_margin=\u00a0\u00bbtrue\u00a0\u00bb][vc_column]<div class=\"vcex-module wpex-carousel wpex-carousel-images wpex-clr owl-carousel no-margins arrwstyle-min arrwpos-abs\" data-wpex-carousel=\"{&quot;nav&quot;:true,&quot;dots&quot;:false,&quot;autoplay&quot;:false,&quot;loop&quot;:true,&quot;center&quot;:false,&quot;smartSpeed&quot;:250,&quot;items&quot;:4,&quot;slideBy&quot;:1,&quot;autoplayTimeout&quot;:5000,&quot;margin&quot;:0,&quot;itemsTablet&quot;:3,&quot;itemsMobileLandscape&quot;:2,&quot;itemsMobilePortrait&quot;:1,&quot;autoWidth&quot;:false,&quot;autoHeight&quot;:false}\"><div class=\"wpex-carousel-slide\"><figure class=\"wpex-carousel-entry-media entry-media\"><img loading=\"lazy\" decoding=\"async\" data-no-lazy=\"1\" class=\"wpex-align-middle skip-lazy\" src=\"https:\/\/maisonvanstijn.net\/wp-content\/uploads\/2020\/02\/20151011_165356-scaled-1000x667.jpg\" alt=\"\" width=\"1000\" height=\"667\" \/><\/figure><\/div><div class=\"wpex-carousel-slide\"><figure class=\"wpex-carousel-entry-media entry-media\"><img loading=\"lazy\" decoding=\"async\" data-no-lazy=\"1\" class=\"wpex-align-middle skip-lazy\" src=\"https:\/\/maisonvanstijn.net\/wp-content\/uploads\/2020\/02\/3089195-diaporama-800x600-aangepast-1000x667.jpg\" alt=\"\" width=\"1000\" height=\"667\" \/><\/figure><\/div><div class=\"wpex-carousel-slide\"><figure class=\"wpex-carousel-entry-media entry-media\"><img loading=\"lazy\" decoding=\"async\" data-no-lazy=\"1\" class=\"wpex-align-middle skip-lazy\" src=\"https:\/\/maisonvanstijn.net\/wp-content\/uploads\/2020\/02\/4825328-diaporama-800x600aangepast-1000x667.jpg\" alt=\"\" width=\"1000\" height=\"667\" \/><\/figure><\/div><div class=\"wpex-carousel-slide\"><figure class=\"wpex-carousel-entry-media entry-media\"><img loading=\"lazy\" decoding=\"async\" data-no-lazy=\"1\" class=\"wpex-align-middle skip-lazy\" src=\"https:\/\/maisonvanstijn.net\/wp-content\/uploads\/2020\/02\/w-14185-rando-ete-1000x667.jpg\" alt=\"\" width=\"1000\" height=\"667\" \/><\/figure><\/div><div class=\"wpex-carousel-slide\"><figure class=\"wpex-carousel-entry-media entry-media\"><img loading=\"lazy\" decoding=\"async\" data-no-lazy=\"1\" class=\"wpex-align-middle skip-lazy\" src=\"https:\/\/maisonvanstijn.net\/wp-content\/uploads\/2020\/02\/hond-uitlaten.jpg\" alt=\"\" width=\"722\" height=\"480\" \/><\/figure><\/div><div class=\"wpex-carousel-slide\"><figure class=\"wpex-carousel-entry-media entry-media\"><img loading=\"lazy\" decoding=\"async\" data-no-lazy=\"1\" class=\"wpex-align-middle skip-lazy\" src=\"https:\/\/maisonvanstijn.net\/wp-content\/uploads\/2020\/02\/8119WandelpadenopdeSancy4-aangepast-1000x667.jpg\" alt=\"\" width=\"1000\" height=\"667\" \/><\/figure><\/div><div class=\"wpex-carousel-slide\"><figure class=\"wpex-carousel-entry-media entry-media\"><img loading=\"lazy\" decoding=\"async\" data-no-lazy=\"1\" class=\"wpex-align-middle skip-lazy\" src=\"https:\/\/maisonvanstijn.net\/wp-content\/uploads\/2020\/02\/73016388_10217541025471053_2523197036182896640_o-1000x667.jpg\" alt=\"\" width=\"1000\" height=\"667\" \/><\/figure><\/div><div class=\"wpex-carousel-slide\"><figure class=\"wpex-carousel-entry-media entry-media\"><img loading=\"lazy\" decoding=\"async\" data-no-lazy=\"1\" class=\"wpex-align-middle skip-lazy\" src=\"https:\/\/maisonvanstijn.net\/wp-content\/uploads\/2020\/02\/3089134-diaporama-800x600-aangepast-1000x667.jpg\" alt=\"\" width=\"1000\" height=\"667\" \/><\/figure><\/div><div class=\"wpex-carousel-slide\"><figure class=\"wpex-carousel-entry-media entry-media\"><img loading=\"lazy\" decoding=\"async\" data-no-lazy=\"1\" class=\"wpex-align-middle skip-lazy\" src=\"https:\/\/maisonvanstijn.net\/wp-content\/uploads\/2020\/02\/w-12998_rando_vtt_sancy-pano-scaled-1000x667.jpg\" alt=\"\" width=\"1000\" height=\"667\" \/><\/figure><\/div><div class=\"wpex-carousel-slide\"><figure class=\"wpex-carousel-entry-media entry-media\"><img loading=\"lazy\" decoding=\"async\" data-no-lazy=\"1\" class=\"wpex-align-middle skip-lazy\" src=\"https:\/\/maisonvanstijn.net\/wp-content\/uploads\/2020\/02\/4801767-diaporama-800x600aangepast-1000x667.jpg\" alt=\"\" width=\"1000\" height=\"667\" \/><\/figure><\/div><\/div>[\/vc_column][\/vc_row][vc_row remove_bottom_col_margin=\u00a0\u00bbtrue\u00a0\u00bb][vc_column]<div class=\"templatera_shortcode\"><div data-vc-full-width=\"true\" data-vc-full-width-init=\"false\" class=\"vc_row wpb_row vc_row-fluid vc_custom_1582275558716 vc_row-o-equal-height vc_row-o-content-middle vc_row-flex wpex-vc_row-has-fill wpex-vc-row-stretched no-bottom-margins\"><div class=\"wpb_column vc_column_container vc_col-sm-9\"><div class=\"vc_column-inner\"><div class=\"wpb_wrapper\"><div class=\"vcex-heading vcex-module wpex-text-2xl wpex-font-normal wpex-m-auto wpex-max-w-100 vcex-heading-plain wpex-block\" style=\"color:#ffffff;font-size:18px;font-weight:300;\"><span class=\"vcex-heading-inner wpex-inline-block wpex-clr\">VENEZ \u00c0 MAISON VAN STIJN PUY-de-D\u00d4ME AUVERGNE \u2013 ADULTS &amp; DOGS FRIENDLY<\/span><\/div><div class=\"vcex-spacing wpex-w-100 wpex-clear visible-phone\" style=\"height:15px\"><\/div><\/div><\/div><\/div><div class=\"wpb_column vc_column_container vc_col-sm-3\"><div class=\"vc_column-inner\"><div class=\"wpb_wrapper\"><div class=\"textcenter theme-button-wrap wpex-clr\"><a href=\"http:\/\/maisonvanstijn.net\/fr\/contact\/#reserver\" class=\"vcex-button theme-button medium align-center inline local-scroll-link\" style=\"width:250px;\"><span class=\"theme-button-inner\">R\u00e9server!<\/span><\/a><\/div> <\/div><\/div><\/div><\/div><div class=\"vc_row-full-width vc_clearfix\"><\/div><\/div>[\/vc_column][\/vc_row][vc_row gap=\u00a0\u00bb30&Prime; remove_bottom_col_margin=\u00a0\u00bbtrue\u00a0\u00bb css=\u00a0\u00bb.vc_custom_1561640191233{padding-top: 40px !important;}\u00a0\u00bb][vc_column]<h1 class=\"vcex-heading vcex-module wpex-text-2xl wpex-font-normal wpex-m-auto wpex-max-w-100 vcex-heading-plain wpex-block\"><span class=\"vcex-heading-inner wpex-inline-block wpex-clr\">Paradis de la randonn\u00e9e et du v\u00e9lo<\/span><\/h1>[vc_row_inner][vc_column_inner width=\u00a0\u00bb1\/2&Prime;]<div class=\"vcex-module vcex-bullets custom-icon\">\n<ul>\n<li><div class=\"vcex-bullets-ci-wrap wpex-inline-flex\"><span class=\"vcex-icon-wrap wpex-mr-10\"><span class=\"vcex-icon fas fa-chevron-circle-down\" aria-hidden=\"true\" style=\"color:#8ebf44;\"><\/span><\/span><div class=\"vcex-content wpex-flex-grow\">Env. 750 km de sentiers de randonn\u00e9e balis\u00e9s<\/div><\/div><\/li>\n<li><div class=\"vcex-bullets-ci-wrap wpex-inline-flex\"><span class=\"vcex-icon-wrap wpex-mr-10\"><span class=\"vcex-icon fas fa-chevron-circle-down\" aria-hidden=\"true\" style=\"color:#8ebf44;\"><\/span><\/span><div class=\"vcex-content wpex-flex-grow\">Itin\u00e9raires de marche en ligne exclusivement pour nos clients<\/div><\/div><\/li>\n<li><div class=\"vcex-bullets-ci-wrap wpex-inline-flex\"><span class=\"vcex-icon-wrap wpex-mr-10\"><span class=\"vcex-icon fas fa-chevron-circle-down\" aria-hidden=\"true\" style=\"color:#8ebf44;\"><\/span><\/span><div class=\"vcex-content wpex-flex-grow\">Itin\u00e9raires de v\u00e9lo et de marche pour tous les niveaux<\/div><\/div><\/li>\n<li><div class=\"vcex-bullets-ci-wrap wpex-inline-flex\"><span class=\"vcex-icon-wrap wpex-mr-10\"><span class=\"vcex-icon fas fa-chevron-circle-down\" aria-hidden=\"true\" style=\"color:#8ebf44;\"><\/span><\/span><div class=\"vcex-content wpex-flex-grow\">Nombre illimit\u00e9 de circuits de v\u00e9lo de route \/ v\u00e9lo de route<\/div><\/div><\/li>\n<\/ul>\n<\/div>[\/vc_column_inner][vc_column_inner width=\u00a0\u00bb1\/2&Prime;]<div class=\"vcex-module vcex-bullets custom-icon\">\n<ul>\n<li><div class=\"vcex-bullets-ci-wrap wpex-inline-flex\"><span class=\"vcex-icon-wrap wpex-mr-10\"><span class=\"vcex-icon fas fa-chevron-circle-down\" aria-hidden=\"true\" style=\"color:#8ebf44;\"><\/span><\/span><div class=\"vcex-content wpex-flex-grow\">Env. 440 km de sentiers de VTT aventureux<\/div><\/div><\/li>\n<li><div class=\"vcex-bullets-ci-wrap wpex-inline-flex\"><span class=\"vcex-icon-wrap wpex-mr-10\"><span class=\"vcex-icon fas fa-chevron-circle-down\" aria-hidden=\"true\" style=\"color:#8ebf44;\"><\/span><\/span><div class=\"vcex-content wpex-flex-grow\">Paysage tr\u00e8s vari\u00e9, terrain vallonn\u00e9<\/div><\/div><\/li>\n<li><div class=\"vcex-bullets-ci-wrap wpex-inline-flex\"><span class=\"vcex-icon-wrap wpex-mr-10\"><span class=\"vcex-icon fas fa-chevron-circle-down\" aria-hidden=\"true\" style=\"color:#8ebf44;\"><\/span><\/span><div class=\"vcex-content wpex-flex-grow\">Belles vues<\/div><\/div><\/li>\n<li><div class=\"vcex-bullets-ci-wrap wpex-inline-flex\"><span class=\"vcex-icon-wrap wpex-mr-10\"><span class=\"vcex-icon fas fa-chevron-circle-down\" aria-hidden=\"true\" style=\"color:#8ebf44;\"><\/span><\/span><div class=\"vcex-content wpex-flex-grow\">Tr\u00e8s calme, parfois presque d\u00e9sol\u00e9<\/div><\/div><\/li>\n<\/ul>\n<\/div>[\/vc_column_inner][\/vc_row_inner]<div class=\"vcex-spacing wpex-w-100 wpex-clear\" style=\"height:30px\"><\/div>[\/vc_column][\/vc_row][vc_row gap=\u00a0\u00bb30&Prime; equal_height=\u00a0\u00bbyes\u00a0\u00bb][vc_column width=\u00a0\u00bb2\/3&Prime;]<h2 class=\"vcex-heading vcex-module wpex-text-2xl wpex-font-normal wpex-m-auto wpex-max-w-100 vcex-heading-plain wpex-block\"><span class=\"vcex-heading-inner wpex-inline-block wpex-clr\">Randonn\u00e9e<\/span><\/h2>[vc_column_text]Le Puy-de-D\u00f4me et le Cantal sont un paradis de la randonn\u00e9e par excellence! Mais quelles sont les belles promenades, avec ou sans votre chien, et comment ne pas vous perdre? Exclusivement pour nos clients, nous avons plus de 40 promenades, \u00e0 la fois courtes et plus longues, sous forme de fichiers .gpx. De cette fa\u00e7on, vous pouvez suivre l&rsquo;itin\u00e9raire via le GPS de votre smartphone (sans utiliser le forfait Internet) et vous savez toujours o\u00f9 vous \u00eates. Toutes ces promenades ont \u00e9t\u00e9 men\u00e9es par nos soins, avec nos propres chiens. Dans chaque g\u00eete, vous trouverez \u00e9galement un livret de randonn\u00e9e et, si vous le souhaitez, nos plans de la randonn\u00e9e peuvent \u00eatre consult\u00e9s[\/vc_column_text][\/vc_column][vc_column width=\u00a0\u00bb1\/3&Prime; css=\u00a0\u00bb.vc_custom_1561640305495{background-position: center !important;background-repeat: no-repeat !important;background-size: cover !important;}\u00a0\u00bb min_height=\u00a0\u00bb200PX\u00a0\u00bb]<h2 class=\"vcex-heading vcex-module wpex-text-2xl wpex-font-normal wpex-m-auto wpex-max-w-100 vcex-heading-plain wpex-block\" style=\"font-size:16px;\"><span class=\"vcex-heading-inner wpex-inline-block wpex-clr\">Puy-de-D\u00f4me et Cantal : Paradis de la randonn\u00e9e<\/span><\/h2>[vc_video link=\u00a0\u00bbhttps:\/\/youtu.be\/ldrlOJuiGRU\u00a0\u00bb][\/vc_column][\/vc_row][vc_row full_width=\u00a0\u00bbstretch_row\u00a0\u00bb gap=\u00a0\u00bb30&Prime; equal_height=\u00a0\u00bbyes\u00a0\u00bb][vc_column width=\u00a0\u00bb2\/3&Prime;]<h2 class=\"vcex-heading vcex-module wpex-text-2xl wpex-font-normal wpex-m-auto wpex-max-w-100 vcex-heading-plain wpex-block\"><span class=\"vcex-heading-inner wpex-inline-block wpex-clr\">VTT<\/span><\/h2>[vc_column_text]Dans le livret de randonn\u00e9es qui se trouve dans tous les g\u00eetes, des circuits VTT sont d\u00e9crits en plus des sentiers de randonn\u00e9es. Aux alentours d&rsquo;Egliseneuve, vous trouverez environ 440 km de circuits VTT balis\u00e9s, r\u00e9partis sur 47 circuits pour tous les niveaux (vert, rouge et noir), 28 de ces circuits sont sp\u00e9cialement con\u00e7us pour les familles. De plus, il y a 6 pistes sp\u00e9ciales VTT Descente \u00e0 Superbesse (domaine skiable d&rsquo;hiver); 3 bleus, 2 rouges et 1 noir.<br \/>\n\u00c0 Super Besse, vous trouverez un parc \u00e0 v\u00e9los avec des modules, des sauts et des ponts et une \u00abzone pour enfants\u00bb sp\u00e9ciale. Enfin, il est possible de faire des balades \u00e0 v\u00e9lo sous surveillance. Les v\u00e9los peuvent \u00eatre rinc\u00e9s professionnellement \u00e0 Besse et \/ ou Condat avec le pulv\u00e9risateur haute pression et stock\u00e9s dans notre hangar[\/vc_column_text]<div class=\"vcex-spacing wpex-w-100 wpex-clear\" style=\"height:30px\"><\/div>[\/vc_column][vc_column width=\u00a0\u00bb1\/3&Prime; css=\u00a0\u00bb.vc_custom_1561640305495{background-position: center !important;background-repeat: no-repeat !important;background-size: cover !important;}\u00a0\u00bb min_height=\u00a0\u00bb200PX\u00a0\u00bb]<h2 class=\"vcex-heading vcex-module wpex-text-2xl wpex-font-normal wpex-m-auto wpex-max-w-100 vcex-heading-plain wpex-block\" style=\"font-size:16px;\"><span class=\"vcex-heading-inner wpex-inline-block wpex-clr\">VTT en Auvergne<\/span><\/h2>[vc_video link=\u00a0\u00bbhttps:\/\/youtu.be\/FSiEzPiWrCU\u00a0\u00bb][\/vc_column][\/vc_row][vc_row gap=\u00a0\u00bb30&Prime; equal_height=\u00a0\u00bbyes\u00a0\u00bb][vc_column width=\u00a0\u00bb2\/3&Prime;]<h2 class=\"vcex-heading vcex-module wpex-text-2xl wpex-font-normal wpex-m-auto wpex-max-w-100 vcex-heading-plain wpex-block\"><span class=\"vcex-heading-inner wpex-inline-block wpex-clr\">Cyclisme<\/span><\/h2>[vc_column_text]\u00c0 plusieurs reprises, Superbesse a \u00e9t\u00e9 une \u00e9tape finale du Tour de France et pour cause, car la r\u00e9gion d&rsquo;Egliseneuve est une piste cyclable fantastique. D&rsquo;une part, les routes sont g\u00e9n\u00e9ralement de tr\u00e8s bonne qualit\u00e9 et d&rsquo;autre part, il existe un vaste r\u00e9seau routier de \u00abpetites routes\u00bb. Ce sont les routes de campagne locales o\u00f9 il n&rsquo;y a pratiquement pas de circulation et vous vous sentirez g\u00e9n\u00e9ralement seul au monde (voir vid\u00e9o).[\/vc_column_text][\/vc_column][vc_column width=\u00a0\u00bb1\/3&Prime; css=\u00a0\u00bb.vc_custom_1561640305495{background-position: center !important;background-repeat: no-repeat !important;background-size: cover !important;}\u00a0\u00bb min_height=\u00a0\u00bb200PX\u00a0\u00bb]<h2 class=\"vcex-heading vcex-module wpex-text-2xl wpex-font-normal wpex-m-auto wpex-max-w-100 vcex-heading-plain wpex-block\" style=\"font-size:16px;\"><span class=\"vcex-heading-inner wpex-inline-block wpex-clr\">Cyclisme en Auvergne<\/span><\/h2>[vc_video link=\u00a0\u00bbhttps:\/\/youtu.be\/C6SrTw5_sVA\u00a0\u00bb][\/vc_column][\/vc_row][vc_row full_width=\u00a0\u00bbstretch_row\u00a0\u00bb remove_bottom_col_margin=\u00a0\u00bbtrue\u00a0\u00bb bg_style=\u00a0\u00bbstretch\u00a0\u00bb css=\u00a0\u00bb.vc_custom_1563198415267{border-top-width: 1px !important;border-right-width: 0px !important;border-bottom-width: 1px !important;border-left-width: 0px !important;background-color: #e6f0f6 !important;border-left-color: #f7f7f7 !important;border-left-style: solid !important;border-right-color: #f7f7f7 !important;border-right-style: solid !important;border-top-color: #f7f7f7 !important;border-top-style: solid !important;border-bottom-color: #f7f7f7 !important;border-bottom-style: solid !important;}\u00a0\u00bb][vc_column margin_bottom=\u00a0\u00bb0px\u00a0\u00bb]<div class=\"vcex-spacing wpex-w-100 wpex-clear\" style=\"height:30px\"><\/div><style>.vcex_69da5d5158365{font-size:28px!important;}@media (max-width:1024px){.vcex_69da5d5158365{font-size:26px!important;}}@media (max-width:959px){.vcex_69da5d5158365{font-size:24px!important;}}@media (max-width:767px){.vcex_69da5d5158365{font-size:22px!important;}}@media (max-width:479px){.vcex_69da5d5158365{font-size:22px!important;}}<\/style><div class=\"vcex-heading vcex-module wpex-text-2xl wpex-font-normal wpex-m-auto wpex-max-w-100 vcex-heading-plain wpex-block wpex-text-center vcex_69da5d5158365\" style=\"font-weight:400;\"><span class=\"vcex-heading-inner wpex-inline-block wpex-clr\">Exp\u00e9riences de nos clients<\/span><\/div><div class=\"vcex-module vcex-testimonials-fullslider dark-skin has-arrows\"><div class=\"wpex-slider slider-pro\" data-fade-arrows=\"false\" data-arrows=\"true\" data-buttons=\"true\" data-loop=\"true\" data-auto-play-delay=\"7000\" data-animation-speed=\"600\" data-height-animation-duration=\"400\" data-touch-swipe-desktop=\"false\"><div class=\"wpex-slider-slides sp-slides\"><div class=\"wpex-slider-slide sp-slide post-11353 entry type-testimonials cat-91 cat-93 cat-94 cat-95 translation_priority-81\"><div class=\"vcex-testimonials-fullslider-inner clr textcenter\"><div class=\"entry wpex-clr\" style=\"font-size:18px;\"><p>Nous avons s\u00e9journ\u00e9 dans votre maison 3 \u00e9toiles pendant 3 nuits et nous avons pass\u00e9 un excellent s\u00e9jour. La maison est lumineuze, tr\u00e8s fonctionelle, calme et vraiment agr\u00e9able. Nous vous remer\u00e7ions \u00e9galement d&rsquo;accepter les chiens, car nous\u00a0 voyageons avec notre petit Bounty et il est plus en plus difficile de trouver des logements qui acceptent nos animaux. Alors un GRAND MERCI! Nous avons pu profiter de la r\u00e9gion (Vulcania, ascension du Puy de Sancy, truffade &#8230;) Votre r\u00e9gion est tr\u00e8s belle! Un dernier point tr\u00e8s agr\u00e8able = l&rsquo;acc\u00e8s \u00e0 la rivi\u00e8re. F\u00e9licitations pour ces beaux escaliers! Merci pour tout! Peut-\u00eatre \u00e0 bient\u00f4t<\/p>\n<p>12 Mai 2024<\/p>\n<\/div><div class=\"vcex-testimonials-fullslider-author clr\"><div class=\"vcex-testimonials-fullslider-author-name\">Aur\u00e9lie, S\u00e9bastien, Ma\u00ebli, Cl\u00e9a et leur Border Collie Bounty<\/div><\/div><\/div><\/div><div class=\"wpex-slider-slide sp-slide post-11277 entry type-testimonials cat-91 cat-93 cat-94 cat-95 translation_priority-81\"><div class=\"vcex-testimonials-fullslider-inner clr textcenter\"><div class=\"entry wpex-clr\" style=\"font-size:18px;\"><div dir=\"ltr\">\n<div class=\" dir dir-ltr\">Tout \u00e9tait parfait de notre arriv\u00e9e \u00e0 notre d\u00e9part. Gerti est une personne d\u2019exception de par sa bienveillance et sa gentillesse et sa passion du bien recevoir ses h\u00f4tes nous a tous conquis. Encore merci \u00e0 elle pour se beau s\u00e9jour en Auvergne<\/div>\n<div>26 f\u00e9vrier 2024<\/div>\n<\/div>\n<div class=\"c1t17pc6 dir dir-ltr\"><\/div>\n<\/div><div class=\"vcex-testimonials-fullslider-author clr\"><div class=\"vcex-testimonials-fullslider-author-name\">Val\u00e9rie &amp; Famille et leur Setter Anglais Sky<\/div><\/div><\/div><\/div><div class=\"wpex-slider-slide sp-slide post-10462 entry type-testimonials cat-91 cat-93 cat-94 cat-95 translation_priority-81\"><div class=\"vcex-testimonials-fullslider-inner clr textcenter\"><div class=\"entry wpex-clr\" style=\"font-size:18px;\"><p>Nous avons pass\u00e9 un tr\u00e8s agr\u00e9able s\u00e9jour \u00e0 Egliseneuve. D\u00e8s l&rsquo;accueil, nous avons \u00e9t\u00e9 s\u00e9duit par le g\u00eete dont nous n&rsquo;avions vu que des photos sur le site internet. Nous avons pu profiter du beau temps qui \u00e9tait avec nous cette semaine avec la terasse et le grand jardin. Le g\u00eete est tr\u00e8s cosy et on s&rsquo;y sent vite comme \u00e0 la maison. Chambre, cuisine, salle de bain &#8230; tout est parfaitement agenc\u00e9 et decor\u00e9 avec go\u00fbt. Gr\u00e2ce au bons conseils de notre h\u00f4te, nous avons pu d\u00e9couvrir la cuisine locale dans des tr\u00e8s bonnes adresses avec un rapport qualit\u00e9-prix excellent. Nous avons \u00e9galement profit\u00e9 des qualit\u00e9s de guide touristique de notre h\u00f4te pour faire de reandonn\u00e9es incroyables hors des sentiers battas. Un tout grand merci et bonne continuation.<\/p>\n<p>6 Mai 2023<\/p>\n<\/div><div class=\"vcex-testimonials-fullslider-author clr\"><div class=\"vcex-testimonials-fullslider-author-name\">Famille Mariage - Casolin et leur Schnauzer nain Quipling<\/div><\/div><\/div><\/div><\/div><\/div><\/div><div class=\"textcenter theme-button-wrap wpex-clr\"><a href=\"https:\/\/maisonvanstijn.net\/fr\/experiences-de-nos-clients\/\" class=\"vcex-button theme-button align-center inline\" style=\"font-size:16px;\"><span class=\"theme-button-inner\">Toutes les exp\u00e9riences<span class=\"vcex-icon-wrap theme-button-icon-right wpex-transition-transform wpex-duration-200\" data-wpex-hover=\"{&quot;parent&quot;:&quot;.vcex-button&quot;,&quot;transform&quot;:&quot;translateX(10px)&quot;}\"><span class=\"ticon ticon-chevron-right\" aria-hidden=\"true\"><\/span><\/span><\/span><\/a><\/div> <div class=\"vcex-spacing wpex-w-100 wpex-clear\" style=\"height:50px\"><\/div>[\/vc_column][\/vc_row]\n<\/section>","protected":false},"excerpt":{"rendered":"Nous avons pass\u00e9 un tr\u00e8s agr\u00e9able s\u00e9jour \u00e0 Egliseneuve. D\u00e8s l'accueil, nous avons \u00e9t\u00e9 s\u00e9duit par le g\u00eete dont nous n'avions vu que des photos sur le site internet. Nous avons pu profiter du beau temps qui \u00e9tait avec nous cette semaine avec la terasse et le grand jardin. Le g\u00eete est tr\u00e8s cosy et&hellip;","protected":false},"author":2,"featured_media":0,"parent":0,"menu_order":0,"comment_status":"closed","ping_status":"closed","template":"","meta":{"footnotes":""},"class_list":["post-8558","page","type-page","status-publish","hentry","entry","no-media"],"_links":{"self":[{"href":"https:\/\/maisonvanstijn.net\/fr\/wp-json\/wp\/v2\/pages\/8558","targetHints":{"allow":["GET"]}}],"collection":[{"href":"https:\/\/maisonvanstijn.net\/fr\/wp-json\/wp\/v2\/pages"}],"about":[{"href":"https:\/\/maisonvanstijn.net\/fr\/wp-json\/wp\/v2\/types\/page"}],"author":[{"embeddable":true,"href":"https:\/\/maisonvanstijn.net\/fr\/wp-json\/wp\/v2\/users\/2"}],"replies":[{"embeddable":true,"href":"https:\/\/maisonvanstijn.net\/fr\/wp-json\/wp\/v2\/comments?post=8558"}],"version-history":[{"count":7,"href":"https:\/\/maisonvanstijn.net\/fr\/wp-json\/wp\/v2\/pages\/8558\/revisions"}],"predecessor-version":[{"id":10063,"href":"https:\/\/maisonvanstijn.net\/fr\/wp-json\/wp\/v2\/pages\/8558\/revisions\/10063"}],"wp:attachment":[{"href":"https:\/\/maisonvanstijn.net\/fr\/wp-json\/wp\/v2\/media?parent=8558"}],"curies":[{"name":"wp","href":"https:\/\/api.w.org\/{rel}","templated":true}]}}