{"id":8571,"date":"2019-06-20T16:53:07","date_gmt":"2019-06-20T14:53:07","guid":{"rendered":"https:\/\/maisonvanstijn.net\/wie-zijn-wij\/"},"modified":"2021-11-19T19:31:02","modified_gmt":"2021-11-19T18:31:02","slug":"a-propos-de-nous","status":"publish","type":"page","link":"https:\/\/maisonvanstijn.net\/fr\/a-propos-de-nous\/","title":{"rendered":"\u00c0 propos de nous"},"content":{"rendered":"<section class=\"wpb-content-wrapper\">[vc_row full_width=\u00a0\u00bbstretch_row_content_no_spaces\u00a0\u00bb remove_bottom_col_margin=\u00a0\u00bbtrue\u00a0\u00bb][vc_column]<div class=\"vcex-module wpex-carousel wpex-carousel-images wpex-clr owl-carousel no-margins arrwstyle-min arrwpos-abs\" data-wpex-carousel=\"{&quot;nav&quot;:true,&quot;dots&quot;:false,&quot;autoplay&quot;:false,&quot;loop&quot;:true,&quot;center&quot;:false,&quot;smartSpeed&quot;:250,&quot;items&quot;:4,&quot;slideBy&quot;:1,&quot;autoplayTimeout&quot;:5000,&quot;margin&quot;:0,&quot;itemsTablet&quot;:3,&quot;itemsMobileLandscape&quot;:2,&quot;itemsMobilePortrait&quot;:1,&quot;autoWidth&quot;:false,&quot;autoHeight&quot;:false}\"><div class=\"wpex-carousel-slide\"><figure class=\"wpex-carousel-entry-media entry-media\"><img loading=\"lazy\" decoding=\"async\" data-no-lazy=\"1\" class=\"wpex-align-middle skip-lazy\" src=\"https:\/\/maisonvanstijn.net\/wp-content\/uploads\/2020\/10\/Gerti-6-aangepast-1-1000x667.jpg\" alt=\"\" width=\"1000\" height=\"667\" \/><\/figure><\/div><div class=\"wpex-carousel-slide\"><figure class=\"wpex-carousel-entry-media entry-media\"><img loading=\"lazy\" decoding=\"async\" data-no-lazy=\"1\" class=\"wpex-align-middle skip-lazy\" src=\"https:\/\/maisonvanstijn.net\/wp-content\/uploads\/2020\/10\/Jazz-zomer-2-aangepast-2020-1-1000x667.jpg\" alt=\"\" width=\"1000\" height=\"667\" \/><\/figure><\/div><div class=\"wpex-carousel-slide\"><figure class=\"wpex-carousel-entry-media entry-media\"><img loading=\"lazy\" decoding=\"async\" data-no-lazy=\"1\" class=\"wpex-align-middle skip-lazy\" src=\"https:\/\/maisonvanstijn.net\/wp-content\/uploads\/2020\/10\/aangepast-1000x667.jpg\" alt=\"\" width=\"1000\" height=\"667\" \/><\/figure><\/div><div class=\"wpex-carousel-slide\"><figure class=\"wpex-carousel-entry-media entry-media\"><img loading=\"lazy\" decoding=\"async\" data-no-lazy=\"1\" class=\"wpex-align-middle skip-lazy\" src=\"https:\/\/maisonvanstijn.net\/wp-content\/uploads\/2020\/10\/Jambo-sept-2020-aangepast-1-1000x667.jpg\" alt=\"\" width=\"1000\" height=\"667\" \/><\/figure><\/div><\/div>[\/vc_column][\/vc_row][vc_row][vc_column]<div class=\"templatera_shortcode\"><div data-vc-full-width=\"true\" data-vc-full-width-init=\"false\" class=\"vc_row wpb_row vc_row-fluid vc_custom_1582275558716 vc_row-o-equal-height vc_row-o-content-middle vc_row-flex wpex-vc_row-has-fill wpex-vc-row-stretched no-bottom-margins\"><div class=\"wpb_column vc_column_container vc_col-sm-9\"><div class=\"vc_column-inner\"><div class=\"wpb_wrapper\"><div class=\"vcex-heading vcex-module wpex-text-2xl wpex-font-normal wpex-m-auto wpex-max-w-100 vcex-heading-plain wpex-block\" style=\"color:#ffffff;font-size:18px;font-weight:300;\"><span class=\"vcex-heading-inner wpex-inline-block wpex-clr\">VENEZ \u00c0 MAISON VAN STIJN PUY-de-D\u00d4ME AUVERGNE \u2013 ADULTS &amp; DOGS FRIENDLY<\/span><\/div><div class=\"vcex-spacing wpex-w-100 wpex-clear visible-phone\" style=\"height:15px\"><\/div><\/div><\/div><\/div><div class=\"wpb_column vc_column_container vc_col-sm-3\"><div class=\"vc_column-inner\"><div class=\"wpb_wrapper\"><div class=\"textcenter theme-button-wrap wpex-clr\"><a href=\"http:\/\/maisonvanstijn.net\/fr\/contact\/#reserver\" class=\"vcex-button theme-button medium align-center inline local-scroll-link\" style=\"width:250px;\"><span class=\"theme-button-inner\">R\u00e9server!<\/span><\/a><\/div> <\/div><\/div><\/div><\/div><div class=\"vc_row-full-width vc_clearfix\"><\/div><\/div>[\/vc_column][\/vc_row][vc_row column_spacing=\u00a0\u00bb40&Prime; bg_style=\u00a0\u00bbstretch\u00a0\u00bb css=\u00a0\u00bb.vc_custom_1562068359240{padding-bottom: 30px !important;}\u00a0\u00bb][vc_column]<h1 class=\"vcex-heading vcex-module wpex-text-2xl wpex-font-normal wpex-m-auto wpex-max-w-100 vcex-heading-plain wpex-block\"><span class=\"vcex-heading-inner wpex-inline-block wpex-clr\">\u00c0 propos de nous<\/span><\/h1>[vc_column_text css=\u00a0\u00bb.vc_custom_1637341274761{padding-bottom: 15px !important;}\u00a0\u00bb]Vous serez accueillir chaleureusement \u00e0 la Maison van Stijn par les s\u0153urs Hollandaises Gerti (1968) et Ellen (1971) van Stijn. Nous accueillons nos h\u00f4tes depuis 2006 dans nos g\u00eetes confortablement am\u00e9nag\u00e9s dans notre bel emplacement en Auvergne<\/p>\n<p>Nous pensons qu&rsquo;il est tr\u00e8s important que vous puissiez profiter pleinement de vos vacances et repos bien m\u00e9rit\u00e9s et rentrer chez vous compl\u00e8tement charg\u00e9. Cela commence par un accueil hospitalier et un g\u00eete \u00ab\u00a0impeccable\u00a0\u00bb, tr\u00e8s confortable avec toute intimit\u00e9. De plus, si vous le souhaitez, nous serons heureux de vous donner des conseils sur divers sujets et vous pourrez prendre un repas agr\u00e9able et convivial dans notre Table d&rsquo;H\u00f4te<\/p>\n<p>Nous sommes heureux de voir que vous, comme nous, appr\u00e9ciez la belle nature, le calme et l&rsquo;espace. Notre place \u00e0 Egliseneuve d&rsquo;Entraigues est tr\u00e8s sp\u00e9ciale car elle est entour\u00e9e de beaut\u00e9 naturelle, ce qui en fait une marche fantastique (avec ou sans chien), du v\u00e9lo et des sports nautiques, tout en restant \u00e0 distance de marche du village avec toutes les commodit\u00e9s, en hiver vous pouvez rejoindre les pistes en 15 minutes (skier sur pr\u00e8s de 90 km de pistes!) et en \u00e9t\u00e9 vous rafra\u00eechir au bord de la rivi\u00e8re sur notre site ou sur l&rsquo;un des nombreux lacs \u00e0 proximit\u00e9 imm\u00e9diate. De plus, la r\u00e9gion n&rsquo;a pas encore \u00e9t\u00e9 envahie par le tourisme de masse. Vous pouvez donc vous d\u00e9tendre ici et \u00e9galement visiter des villages authentiques et pittoresques avec leurs march\u00e9s hebdomadaires, choisir des terrasses et visiter des ch\u00e2teaux et autres sites. Et pour parfaire le sentiment des vacances, vous pouvez avoir un d\u00eener agr\u00e9able et convivial 4 nuits par semaine dans notre Table d&rsquo;H\u00f4te<\/p>\n<p>Nous vous souhaitons la bienvenue dans ce bel endroit au milieu de l&rsquo;Auvergne. Vous et vos chiens \u00eates les bienvenus!<\/p>\n<p>Gerti et Ellen van Stijn[\/vc_column_text][\/vc_column][\/vc_row][vc_row][vc_column][vc_tta_accordion style=\u00a0\u00bbmodern\u00a0\u00bb shape=\u00a0\u00bbsquare\u00a0\u00bb spacing=\u00a0\u00bb10&Prime; c_icon=\u00a0\u00bbchevron\u00a0\u00bb active_section=\u00a0\u00bb-1&Prime; no_fill=\u00a0\u00bbtrue\u00a0\u00bb collapsible_all=\u00a0\u00bbtrue\u00a0\u00bb][vc_tta_section title=\u00a0\u00bbEn plus\u00a0\u00bb tab_id=\u00a0\u00bb1581433129964-0ee3e71e-380d\u00a0\u00bb][vc_column_text]<strong>Enchant\u00e9:<\/strong> <strong>Jazz &amp; Jambo<\/strong><br \/>\nNous avons nous-m\u00eames deux m\u00e2les adopt\u00e9s d&rsquo;Espagne. Galgo Espagnol Jazz (juin 2017) vit avec nous depuis novembre 2019 et mix Galgo Espagnol x Mastin (janvier 2018) est avec nous depuis ao\u00fbt 2020. Tous deux viennent d&rsquo;un \u00ab\u00a0refuge\u00a0\u00bb espagnol. Nos chiens n&rsquo;ont pas \u00e0 rencontrer votre(vos) chien(s) en raison de la situation g\u00e9ographique de notre maison par rapport aux g\u00eetes et au jardin clos[\/vc_column_text]<div class=\"vcex-spacing wpex-w-100 wpex-clear\" style=\"height:15px\"><\/div><div class=\"vcex-image-grid-wrap wpex-clr\"><div class=\"vcex-module vcex-image-grid wpex-clr grid-style-default wpex-row wpex-lightbox-group\"><div class=\"id-9671 vcex-image-grid-entry vcex-grid-item textcenter span_1_of_4 col col-1\"><figure class=\"vcex-image-grid-entry-figure wpex-last-mb-0 wpex-clr\"><div class=\"vcex-image-grid-entry-img entry-media wpex-mb-20\"><a href=\"https:\/\/maisonvanstijn.net\/wp-content\/uploads\/2020\/10\/Jazz-zomer-2020-aangepast.jpg\" class=\"vcex-image-grid-entry-img wpex-lightbox-group-item\" ><img decoding=\"async\" loading=\"lazy\" class=\"wpex-align-middle\" src=\"https:\/\/maisonvanstijn.net\/wp-content\/uploads\/2020\/10\/Jazz-zomer-2020-aangepast-490x490.jpg\" alt=\"\" width=\"490\" height=\"490\" \/><\/a><\/div><\/figure><\/div><div class=\"id-9672 vcex-image-grid-entry vcex-grid-item textcenter span_1_of_4 col col-2\"><figure class=\"vcex-image-grid-entry-figure wpex-last-mb-0 wpex-clr\"><div class=\"vcex-image-grid-entry-img entry-media wpex-mb-20\"><a href=\"https:\/\/maisonvanstijn.net\/wp-content\/uploads\/2020\/10\/Jambo-sept-2020-scaled-1500x2000.jpg\" class=\"vcex-image-grid-entry-img wpex-lightbox-group-item\" ><img decoding=\"async\" loading=\"lazy\" class=\"wpex-align-middle\" src=\"https:\/\/maisonvanstijn.net\/wp-content\/uploads\/2020\/10\/Jambo-sept-2020-scaled-490x490.jpg\" alt=\"\" width=\"490\" height=\"490\" \/><\/a><\/div><\/figure><\/div><\/div><\/div><div class=\"vcex-spacing wpex-w-100 wpex-clear\" style=\"height:30px\"><\/div>[vc_column_text]<strong>En m\u00e9moire<\/strong>[\/vc_column_text][vc_row_inner][vc_column_inner width=\u00a0\u00bb1\/2&Prime;][vc_single_image image=\u00a0\u00bb9285&Prime;][\/vc_column_inner][vc_column_inner width=\u00a0\u00bb1\/2&Prime;][vc_column_text]<strong>Bolivar <\/strong>Mai 2008 &#8211; juin 2020<br \/>\nNotre grand prince noir, Flatcoated retriever, Bolivar nous a rejoint en tant que chiot en 2008. Malheureusement, nous avons d\u00fb lui dire au revoir en 2020, apr\u00e8s une tr\u00e8s belle vie de chien. Gr\u00e2ce \u00e0 Bolivar, nous avons d\u00e9couvert \u00e0 quel point il est agr\u00e9able de recevoir des invit\u00e9s avec des chiens et gr\u00e2ce \u00e0 Bolivar, nous pouvons vous proposer plus de 40 promenades sous forme de fichiers .gpx. Il a pr\u00e9sent\u00e9 tout cela et plus pour vous \ud83d\ude42[\/vc_column_text][\/vc_column_inner][\/vc_row_inner][vc_row_inner][vc_column_inner width=\u00a0\u00bb1\/2&Prime;][vc_single_image image=\u00a0\u00bb9185&Prime;][\/vc_column_inner][vc_column_inner width=\u00a0\u00bb1\/2&Prime;][vc_column_text]<strong>Maurice <\/strong>2015 &#8211; novembre 2019<br \/>\nEn septembre 2016, Podencomix Maurice a march\u00e9 au milieu de la route, il a saut\u00e9 dans la voiture d&rsquo;Ellen quand elle a ouvert la porti\u00e8re et a commenc\u00e9 \u00e0 la l\u00e9cher tout de suite. Apr\u00e8s avoir fait de notre mieux pour r\u00e9unir ce chien avec son propri\u00e9taire, nous avons d\u00fb conclure que son propri\u00e9taire pr\u00e9f\u00e9rerait ne pas \u00eatre retrouv\u00e9.\u00a0 Malheureusement, Maurice a v\u00e9cu pleinement sa vie beaucoup trop courte. Gr\u00e2ce \u00e0 lui, nous avons commenc\u00e9 \u00e0 d\u00e9couvrir les races espagnoles et nous avons r\u00e9alis\u00e9 qu&rsquo;il y a tellement de chiens \u00e0 adopter qui recherchent une belle famille.[\/vc_column_text][\/vc_column_inner][\/vc_row_inner]<div class=\"vcex-spacing wpex-w-100 wpex-clear\" style=\"height:15px\"><\/div>[\/vc_tta_section][\/vc_tta_accordion][\/vc_column][\/vc_row][vc_row full_width=\u00a0\u00bbstretch_row\u00a0\u00bb remove_bottom_col_margin=\u00a0\u00bbtrue\u00a0\u00bb bg_style=\u00a0\u00bbstretch\u00a0\u00bb css=\u00a0\u00bb.vc_custom_1563200188315{border-top-width: 1px !important;border-right-width: 0px !important;border-bottom-width: 1px !important;border-left-width: 0px !important;background-color: #e6f0f6 !important;border-left-color: #f7f7f7 !important;border-left-style: solid !important;border-right-color: #f7f7f7 !important;border-right-style: solid !important;border-top-color: #f7f7f7 !important;border-top-style: solid !important;border-bottom-color: #f7f7f7 !important;border-bottom-style: solid !important;}\u00a0\u00bb][vc_column margin_bottom=\u00a0\u00bb0px\u00a0\u00bb]<div class=\"vcex-spacing wpex-w-100 wpex-clear\" style=\"height:30px\"><\/div><style>.vcex_69fd86d71e61b{font-size:28px!important;}@media (max-width:1024px){.vcex_69fd86d71e61b{font-size:26px!important;}}@media (max-width:959px){.vcex_69fd86d71e61b{font-size:24px!important;}}@media (max-width:767px){.vcex_69fd86d71e61b{font-size:22px!important;}}@media (max-width:479px){.vcex_69fd86d71e61b{font-size:22px!important;}}<\/style><div class=\"vcex-heading vcex-module wpex-text-2xl wpex-font-normal wpex-m-auto wpex-max-w-100 vcex-heading-plain wpex-block wpex-text-center vcex_69fd86d71e61b\" style=\"font-weight:400;\"><span class=\"vcex-heading-inner wpex-inline-block wpex-clr\">Exp\u00e9riences de nos clients<\/span><\/div><div class=\"vcex-module vcex-testimonials-fullslider dark-skin has-arrows\"><div class=\"wpex-slider slider-pro\" data-fade-arrows=\"false\" data-arrows=\"true\" data-buttons=\"true\" data-loop=\"true\" data-auto-play-delay=\"7000\" data-animation-speed=\"600\" data-height-animation-duration=\"400\" data-touch-swipe-desktop=\"false\"><div class=\"wpex-slider-slides sp-slides\"><div class=\"wpex-slider-slide sp-slide post-11353 entry type-testimonials cat-91 cat-93 cat-94 cat-95 translation_priority-81\"><div class=\"vcex-testimonials-fullslider-inner clr textcenter\"><div class=\"entry wpex-clr\" style=\"font-size:18px;\"><p>Nous avons s\u00e9journ\u00e9 dans votre maison 3 \u00e9toiles pendant 3 nuits et nous avons pass\u00e9 un excellent s\u00e9jour. La maison est lumineuze, tr\u00e8s fonctionelle, calme et vraiment agr\u00e9able. Nous vous remer\u00e7ions \u00e9galement d&rsquo;accepter les chiens, car nous\u00a0 voyageons avec notre petit Bounty et il est plus en plus difficile de trouver des logements qui acceptent nos animaux. Alors un GRAND MERCI! Nous avons pu profiter de la r\u00e9gion (Vulcania, ascension du Puy de Sancy, truffade &#8230;) Votre r\u00e9gion est tr\u00e8s belle! Un dernier point tr\u00e8s agr\u00e8able = l&rsquo;acc\u00e8s \u00e0 la rivi\u00e8re. F\u00e9licitations pour ces beaux escaliers! Merci pour tout! Peut-\u00eatre \u00e0 bient\u00f4t<\/p>\n<p>12 Mai 2024<\/p>\n<\/div><div class=\"vcex-testimonials-fullslider-author clr\"><div class=\"vcex-testimonials-fullslider-author-name\">Aur\u00e9lie, S\u00e9bastien, Ma\u00ebli, Cl\u00e9a et leur Border Collie Bounty<\/div><div class=\"vcex-testimonials-fullslider-company\">Gite les 3 Etoiles d'Auvergne<\/div><\/div><\/div><\/div><div class=\"wpex-slider-slide sp-slide post-11277 entry type-testimonials cat-91 cat-93 cat-94 cat-95 translation_priority-81\"><div class=\"vcex-testimonials-fullslider-inner clr textcenter\"><div class=\"entry wpex-clr\" style=\"font-size:18px;\"><div dir=\"ltr\">\n<div class=\" dir dir-ltr\">Tout \u00e9tait parfait de notre arriv\u00e9e \u00e0 notre d\u00e9part. Gerti est une personne d\u2019exception de par sa bienveillance et sa gentillesse et sa passion du bien recevoir ses h\u00f4tes nous a tous conquis. Encore merci \u00e0 elle pour se beau s\u00e9jour en Auvergne<\/div>\n<div>26 f\u00e9vrier 2024<\/div>\n<\/div>\n<div class=\"c1t17pc6 dir dir-ltr\"><\/div>\n<\/div><div class=\"vcex-testimonials-fullslider-author clr\"><div class=\"vcex-testimonials-fullslider-author-name\">Val\u00e9rie &amp; Famille et leur Setter Anglais Sky<\/div><div class=\"vcex-testimonials-fullslider-company\">Gite les 3 Etoiles d'Auvergne<\/div><\/div><\/div><\/div><div class=\"wpex-slider-slide sp-slide post-10462 entry type-testimonials cat-91 cat-93 cat-94 cat-95 translation_priority-81\"><div class=\"vcex-testimonials-fullslider-inner clr textcenter\"><div class=\"entry wpex-clr\" style=\"font-size:18px;\"><p>Nous avons pass\u00e9 un tr\u00e8s agr\u00e9able s\u00e9jour \u00e0 Egliseneuve. D\u00e8s l&rsquo;accueil, nous avons \u00e9t\u00e9 s\u00e9duit par le g\u00eete dont nous n&rsquo;avions vu que des photos sur le site internet. Nous avons pu profiter du beau temps qui \u00e9tait avec nous cette semaine avec la terasse et le grand jardin. Le g\u00eete est tr\u00e8s cosy et on s&rsquo;y sent vite comme \u00e0 la maison. Chambre, cuisine, salle de bain &#8230; tout est parfaitement agenc\u00e9 et decor\u00e9 avec go\u00fbt. Gr\u00e2ce au bons conseils de notre h\u00f4te, nous avons pu d\u00e9couvrir la cuisine locale dans des tr\u00e8s bonnes adresses avec un rapport qualit\u00e9-prix excellent. Nous avons \u00e9galement profit\u00e9 des qualit\u00e9s de guide touristique de notre h\u00f4te pour faire de reandonn\u00e9es incroyables hors des sentiers battas. Un tout grand merci et bonne continuation.<\/p>\n<p>6 Mai 2023<\/p>\n<\/div><div class=\"vcex-testimonials-fullslider-author clr\"><div class=\"vcex-testimonials-fullslider-author-name\">Famille Mariage - Casolin et leur Schnauzer nain Quipling<\/div><div class=\"vcex-testimonials-fullslider-company\">Gite les 3 Etoiles d'Auvergne<\/div><\/div><\/div><\/div><div class=\"wpex-slider-slide sp-slide post-10421 entry type-testimonials cat-91 cat-93 cat-94 cat-95 translation_priority-81\"><div class=\"vcex-testimonials-fullslider-inner clr textcenter\"><div class=\"entry wpex-clr\" style=\"font-size:18px;\"><p>C&rsquo;est avec beaucoup de plaisir que nous avons pass\u00e9 notre s\u00e9jour auvergnat dans votre tr\u00e8s cosy et tr\u00e8s confortable logement. Vous \u00eates un h\u00f4te tr\u00e8s \u00e0 l&rsquo;\u00e9coute et r\u00e9actif. Encore merci pour votre accueil et peut-\u00eatre \u00e0 une prochaine fois. Tr\u00e8s bonne continuation.<\/p>\n<p>4 Mars 2023<\/p>\n<\/div><div class=\"vcex-testimonials-fullslider-author clr\"><div class=\"vcex-testimonials-fullslider-author-name\">Famille Makani<\/div><div class=\"vcex-testimonials-fullslider-company\">Gite les 3 Etoiles d'Auvergne<\/div><\/div><\/div><\/div><div class=\"wpex-slider-slide sp-slide post-10417 entry type-testimonials cat-91 cat-93 cat-94 cat-95 translation_priority-81\"><div class=\"vcex-testimonials-fullslider-inner clr textcenter\"><div class=\"entry wpex-clr\" style=\"font-size:18px;\"><p>Un magnifique g\u00eete, tr\u00e8s \u00ab\u00a0cosy\u00a0\u00bb au coeur de cette belle r\u00e9gion. Merci pour l&rsquo;accueil chaleureux et l&rsquo;attention quotidienne. Lieu tr\u00e8s reposant et ressourcant. A une prochaine fois s\u00fbrement, Amicalement,<\/p>\n<p>27 f\u00e9vrier 2023<\/p>\n<\/div><div class=\"vcex-testimonials-fullslider-author clr\"><div class=\"vcex-testimonials-fullslider-author-name\">Frederic, Carin, Abiga\u00ebl, Hermione et leur Samoy\u00e8de Padm\u00e9<\/div><div class=\"vcex-testimonials-fullslider-company\">Gite les 3 Etoiles d'Auvergne<\/div><\/div><\/div><\/div><\/div><\/div><\/div><div class=\"textcenter theme-button-wrap wpex-clr\"><a href=\"https:\/\/maisonvanstijn.net\/fr\/experiences-de-nos-clients\/\" class=\"vcex-button theme-button align-center inline\" style=\"font-size:16px;\"><span class=\"theme-button-inner\">Toutes les exp\u00e9riences<span class=\"vcex-icon-wrap theme-button-icon-right wpex-transition-transform wpex-duration-200\" data-wpex-hover=\"{&quot;parent&quot;:&quot;.vcex-button&quot;,&quot;transform&quot;:&quot;translateX(10px)&quot;}\"><span class=\"ticon ticon-chevron-right\" aria-hidden=\"true\"><\/span><\/span><\/span><\/a><\/div> <div class=\"vcex-spacing wpex-w-100 wpex-clear\" style=\"height:50px\"><\/div>[\/vc_column][\/vc_row]\n<\/section>","protected":false},"excerpt":{"rendered":"Un magnifique g\u00eete, tr\u00e8s \"cosy\" au coeur de cette belle r\u00e9gion. Merci pour l'accueil chaleureux et l'attention quotidienne. Lieu tr\u00e8s reposant et ressourcant. A une prochaine fois s\u00fbrement, Amicalement, 27 f\u00e9vrier 2023","protected":false},"author":2,"featured_media":0,"parent":0,"menu_order":0,"comment_status":"closed","ping_status":"closed","template":"","meta":{"footnotes":""},"class_list":["post-8571","page","type-page","status-publish","hentry","entry","no-media"],"_links":{"self":[{"href":"https:\/\/maisonvanstijn.net\/fr\/wp-json\/wp\/v2\/pages\/8571","targetHints":{"allow":["GET"]}}],"collection":[{"href":"https:\/\/maisonvanstijn.net\/fr\/wp-json\/wp\/v2\/pages"}],"about":[{"href":"https:\/\/maisonvanstijn.net\/fr\/wp-json\/wp\/v2\/types\/page"}],"author":[{"embeddable":true,"href":"https:\/\/maisonvanstijn.net\/fr\/wp-json\/wp\/v2\/users\/2"}],"replies":[{"embeddable":true,"href":"https:\/\/maisonvanstijn.net\/fr\/wp-json\/wp\/v2\/comments?post=8571"}],"version-history":[{"count":16,"href":"https:\/\/maisonvanstijn.net\/fr\/wp-json\/wp\/v2\/pages\/8571\/revisions"}],"predecessor-version":[{"id":10069,"href":"https:\/\/maisonvanstijn.net\/fr\/wp-json\/wp\/v2\/pages\/8571\/revisions\/10069"}],"wp:attachment":[{"href":"https:\/\/maisonvanstijn.net\/fr\/wp-json\/wp\/v2\/media?parent=8571"}],"curies":[{"name":"wp","href":"https:\/\/api.w.org\/{rel}","templated":true}]}}